{"id":37,"date":"2024-11-06T13:44:00","date_gmt":"2024-11-06T12:44:00","guid":{"rendered":"http:\/\/diebold-new.local\/?page_id=37"},"modified":"2025-03-14T09:05:53","modified_gmt":"2025-03-14T08:05:53","slug":"mentions-legales","status":"publish","type":"page","link":"https:\/\/domaine-vitori.com\/en\/mentions-legales\/","title":{"rendered":"Legal information"},"content":{"rendered":"<section class=\"section_hero\">\n    <div class=\"section_hero__content\">\n        <span class=\"subtitle\">Domaine Vit\u00f2ri<\/span>\n        <h1 class=\"section_hero__content--title\">Legal information<\/h1>\n        <p class=\"section_hero__content--texte\"><\/p>\n    <\/div>\n\n    <img decoding=\"async\" src=\"https:\/\/domaine-vitori.com\/wp-content\/uploads\/2025\/01\/cultureSoleil-768x1206.jpg\" alt=\"\" class=\"section_hero--img\" loading=\"lazy\">\n\n    <div class=\"circle-deco section_hero--circle\"><\/div>\n<\/section><div class=\"texte-comp\"><p>Ce site est la propri\u00e9t\u00e9 du Domaine Vit\u00f2ri, 2820, Route nationale 7, 83910 Pourri\u00e8res, dont les coordonn\u00e9es sont :<\/p>\n<ul>\n<li><strong>Registered office address\u00a0<\/strong> : 2820, Route nationale 7, 83910 Pourri\u00e8res<\/li>\n<li><strong>Phone\u00a0<\/strong>: <a class=\"colorAnim\" href=\"tel:+33 06 35 28 63 64\">+33 06 35 28 63 64<\/a><\/li>\n<li><strong>E-mail address<\/strong> : <a class=\"colorAnim\" href=\"mailto:fruitsdenospassions@outlook.com\">fruitsdenospassions@outlook.com<\/a><\/li>\n<li><strong>Intra-Community VAT number<\/strong> : FR27850988668<\/li>\n<\/ul>\n<p>The Director of Publication for the site is Quentin Silvy-Lang, in his capacity as Managing Director.<\/p>\n<p>The service provider responsible for hosting the site and storing the information is GRAVINDA (<strong><a href=\"https:\/\/www.gravinda.fr\/\" target=\"_blank\" rel=\"noopener\">https:\/\/www.gravinda.fr<\/a><\/strong>). The website was designed by GRAVINDA (<a href=\"https:\/\/www.gravinda.fr\/\">https:\/\/www.gravinda.fr<\/a>).<\/p>\n<p>&nbsp;<\/p>\n<h2>Site content<\/h2>\n<p>Domaine Vit\u00f2ri guarantees the essential characteristics of the products. Domaine Vit\u00f2ri cannot be held responsible for the use and interpretation of the information contained on this site.<\/p>\n<p>Domaine Vit\u00f2ri cannot be held responsible for any viruses that may infect the computer or any other hardware of the Internet user, following use, access or downloading from this site.<\/p>\n<p>Domaine Vit\u00f2ri reserves the right to modify the content of its commercial offers at any time, on the understanding that any order placed before the modification of the offer will be honoured.<\/p>\n<p>&nbsp;<\/p>\n<h2>Copyright and intellectual property<\/h2>\n<p>This site is the property of Quentin Silvy-Lang, who holds all intellectual property rights. This site constitutes a work protected under intellectual property law, in the same way as the general structure of the site, the graphics and the elements accessible on the site (forms, texts, photographs, images, etc.).<\/p>\n<p>Without the prior written consent of Quentin Silvy-Lang, the site and the information contained therein may not be copied, reproduced, modified, transmitted, published on any medium whatsoever, exploited in whole or in part for commercial or non-commercial purposes, or used to create derivative works.<\/p>\n<p>Failure to comply with these rules may render the Internet User liable under Articles L. 713-2 and L.713-3 of the French Intellectual Property Code.<\/p>\n<p>&nbsp;<\/p>\n<h2>Protection of privacy and personal data<\/h2>\n<p>Internet users are informed that the information they provide via the forms on the Site is required in order for Domaine Vit\u00f2ri to provide the services it offers. Internet users have the right to access, modify, rectify or delete any personal data concerning them by writing to Domaine Vit\u00f2ri, 2820, Route nationale 7, 83910 Pourri\u00e8res.<\/p>\n<p>In addition, computers connecting to this site store on their hard disk one or more files in text format known as \u2018cookies\u2019 which record information relating to navigation on the site carried out from the computer on which the \u2018cookie\u2019 is stored (type of browser, pages consulted, date and time of consultation, etc.). Domaine Vit\u00f2ri uses these \u2018cookies\u2019 for statistical purposes, to improve the ergonomics of the site and to better track the interests of Internet users. Internet users connected to the site are free to refuse to accept cookies by using the appropriate functions on their browser.<\/p>\n<p>In this case, you may not be able to benefit from all the functions and services offered on this site.<\/p>\n<p>&nbsp;<\/p>\n<h2>Hyperlinks to third-party sites<\/h2>\n<p>This website contains hyperlinks to websites published by third parties. These links are established in good faith and the Domaine Vit\u00f2ri cannot be held responsible for any changes made to these sites. Consequently, the Domaine Vit\u00f2ri cannot under any circumstances be held responsible for these hypertext links: only the publishers of the sites referenced on the Domaine Vit\u00f2ri site can be held responsible.<\/p>\n<p>&nbsp;<\/p>\n<h2>Applicable law<\/h2>\n<p>This website and these legal notices are governed by French law.<\/p>\n<p><br \/>Information on online dispute resolution in accordance with Art. 14 para. 1 of the LDR (Online Dispute Resolution) : The European Commission allows consumers to resolve disputes online on one of its platforms, in accordance with art. 14 para. 1 of the LDR. The platform (<a href=\"https:\/\/ec.europa.eu\/consumers\/odr\/main\/index.cfm?event=main.home2.show&amp;lng=FR\" target=\"_blank\" rel=\"noopener\">https:\/\/ec.europa.eu\/consumers\/odr\/main\/index.cfm?event=main.home2.show&amp;lng=FR<\/a>) acts as a site where consumers can try to settle out-of-court disputes arising from the purchase of goods or services online, registered with the DRAGUIGNAN trade and companies register under number 850988668.<\/p><\/div>","protected":false},"excerpt":{"rendered":"","protected":false},"author":1,"featured_media":0,"parent":0,"menu_order":0,"comment_status":"closed","ping_status":"closed","template":"","meta":{"footnotes":""},"class_list":["post-37","page","type-page","status-publish","hentry"],"yoast_head":"<!-- This site is optimized with the Yoast SEO plugin v24.6 - https:\/\/yoast.com\/wordpress\/plugins\/seo\/ -->\n<title>Mentions l\u00e9gales - Domaine Vit\u00f2ri<\/title>\n<meta name=\"robots\" content=\"noindex, nofollow\" \/>\n<meta property=\"og:locale\" content=\"en_GB\" \/>\n<meta property=\"og:type\" content=\"article\" \/>\n<meta property=\"og:title\" content=\"Mentions l\u00e9gales - Domaine Vit\u00f2ri\" \/>\n<meta property=\"og:url\" content=\"https:\/\/domaine-vitori.com\/en\/mentions-legales\/\" \/>\n<meta property=\"og:site_name\" content=\"Domaine Vit\u00f2ri\" \/>\n<meta property=\"article:publisher\" content=\"https:\/\/www.facebook.com\/people\/Domaine-Vitri\/100057215449055\/\" \/>\n<meta property=\"article:modified_time\" content=\"2025-03-14T08:05:53+00:00\" \/>\n<meta name=\"twitter:card\" content=\"summary_large_image\" \/>\n<script type=\"application\/ld+json\" class=\"yoast-schema-graph\">{\"@context\":\"https:\/\/schema.org\",\"@graph\":[{\"@type\":\"WebPage\",\"@id\":\"https:\/\/domaine-vitori.com\/mentions-legales\/\",\"url\":\"https:\/\/domaine-vitori.com\/mentions-legales\/\",\"name\":\"Mentions l\u00e9gales - Domaine Vit\u00f2ri\",\"isPartOf\":{\"@id\":\"https:\/\/domaine-vitori.com\/#website\"},\"datePublished\":\"2024-11-06T12:44:00+00:00\",\"dateModified\":\"2025-03-14T08:05:53+00:00\",\"breadcrumb\":{\"@id\":\"https:\/\/domaine-vitori.com\/mentions-legales\/#breadcrumb\"},\"inLanguage\":\"en-GB\",\"potentialAction\":[{\"@type\":\"ReadAction\",\"target\":[\"https:\/\/domaine-vitori.com\/mentions-legales\/\"]}]},{\"@type\":\"BreadcrumbList\",\"@id\":\"https:\/\/domaine-vitori.com\/mentions-legales\/#breadcrumb\",\"itemListElement\":[{\"@type\":\"ListItem\",\"position\":1,\"name\":\"Accueil\",\"item\":\"https:\/\/domaine-vitori.com\/\"},{\"@type\":\"ListItem\",\"position\":2,\"name\":\"Mentions l\u00e9gales\"}]},{\"@type\":\"WebSite\",\"@id\":\"https:\/\/domaine-vitori.com\/#website\",\"url\":\"https:\/\/domaine-vitori.com\/\",\"name\":\"Domaine Vitori\",\"description\":\"\",\"publisher\":{\"@id\":\"https:\/\/domaine-vitori.com\/#organization\"},\"potentialAction\":[{\"@type\":\"SearchAction\",\"target\":{\"@type\":\"EntryPoint\",\"urlTemplate\":\"https:\/\/domaine-vitori.com\/?s={search_term_string}\"},\"query-input\":{\"@type\":\"PropertyValueSpecification\",\"valueRequired\":true,\"valueName\":\"search_term_string\"}}],\"inLanguage\":\"en-GB\"},{\"@type\":\"Organization\",\"@id\":\"https:\/\/domaine-vitori.com\/#organization\",\"name\":\"Domaine Vitori\",\"url\":\"https:\/\/domaine-vitori.com\/\",\"logo\":{\"@type\":\"ImageObject\",\"inLanguage\":\"en-GB\",\"@id\":\"https:\/\/domaine-vitori.com\/#\/schema\/logo\/image\/\",\"url\":\"https:\/\/domaine-vitori.com\/wp-content\/uploads\/2025\/01\/logo.jpg\",\"contentUrl\":\"https:\/\/domaine-vitori.com\/wp-content\/uploads\/2025\/01\/logo.jpg\",\"width\":1789,\"height\":536,\"caption\":\"Domaine Vitori\"},\"image\":{\"@id\":\"https:\/\/domaine-vitori.com\/#\/schema\/logo\/image\/\"},\"sameAs\":[\"https:\/\/www.facebook.com\/people\/Domaine-Vitri\/100057215449055\/\",\"https:\/\/www.instagram.com\/domaine.vitori\/?hl=fr\"]}]}<\/script>\n<!-- \/ Yoast SEO plugin. -->","yoast_head_json":{"title":"Mentions l\u00e9gales - Domaine Vit\u00f2ri","robots":{"index":"noindex","follow":"nofollow"},"og_locale":"en_GB","og_type":"article","og_title":"Mentions l\u00e9gales - Domaine Vit\u00f2ri","og_url":"https:\/\/domaine-vitori.com\/en\/mentions-legales\/","og_site_name":"Domaine Vit\u00f2ri","article_publisher":"https:\/\/www.facebook.com\/people\/Domaine-Vitri\/100057215449055\/","article_modified_time":"2025-03-14T08:05:53+00:00","twitter_card":"summary_large_image","schema":{"@context":"https:\/\/schema.org","@graph":[{"@type":"WebPage","@id":"https:\/\/domaine-vitori.com\/mentions-legales\/","url":"https:\/\/domaine-vitori.com\/mentions-legales\/","name":"Mentions l\u00e9gales - Domaine Vit\u00f2ri","isPartOf":{"@id":"https:\/\/domaine-vitori.com\/#website"},"datePublished":"2024-11-06T12:44:00+00:00","dateModified":"2025-03-14T08:05:53+00:00","breadcrumb":{"@id":"https:\/\/domaine-vitori.com\/mentions-legales\/#breadcrumb"},"inLanguage":"en-GB","potentialAction":[{"@type":"ReadAction","target":["https:\/\/domaine-vitori.com\/mentions-legales\/"]}]},{"@type":"BreadcrumbList","@id":"https:\/\/domaine-vitori.com\/mentions-legales\/#breadcrumb","itemListElement":[{"@type":"ListItem","position":1,"name":"Accueil","item":"https:\/\/domaine-vitori.com\/"},{"@type":"ListItem","position":2,"name":"Mentions l\u00e9gales"}]},{"@type":"WebSite","@id":"https:\/\/domaine-vitori.com\/#website","url":"https:\/\/domaine-vitori.com\/","name":"Domaine Vitori","description":"","publisher":{"@id":"https:\/\/domaine-vitori.com\/#organization"},"potentialAction":[{"@type":"SearchAction","target":{"@type":"EntryPoint","urlTemplate":"https:\/\/domaine-vitori.com\/?s={search_term_string}"},"query-input":{"@type":"PropertyValueSpecification","valueRequired":true,"valueName":"search_term_string"}}],"inLanguage":"en-GB"},{"@type":"Organization","@id":"https:\/\/domaine-vitori.com\/#organization","name":"Domaine Vitori","url":"https:\/\/domaine-vitori.com\/","logo":{"@type":"ImageObject","inLanguage":"en-GB","@id":"https:\/\/domaine-vitori.com\/#\/schema\/logo\/image\/","url":"https:\/\/domaine-vitori.com\/wp-content\/uploads\/2025\/01\/logo.jpg","contentUrl":"https:\/\/domaine-vitori.com\/wp-content\/uploads\/2025\/01\/logo.jpg","width":1789,"height":536,"caption":"Domaine Vitori"},"image":{"@id":"https:\/\/domaine-vitori.com\/#\/schema\/logo\/image\/"},"sameAs":["https:\/\/www.facebook.com\/people\/Domaine-Vitri\/100057215449055\/","https:\/\/www.instagram.com\/domaine.vitori\/?hl=fr"]}]}},"_links":{"self":[{"href":"https:\/\/domaine-vitori.com\/en\/wp-json\/wp\/v2\/pages\/37","targetHints":{"allow":["GET"]}}],"collection":[{"href":"https:\/\/domaine-vitori.com\/en\/wp-json\/wp\/v2\/pages"}],"about":[{"href":"https:\/\/domaine-vitori.com\/en\/wp-json\/wp\/v2\/types\/page"}],"author":[{"embeddable":true,"href":"https:\/\/domaine-vitori.com\/en\/wp-json\/wp\/v2\/users\/1"}],"replies":[{"embeddable":true,"href":"https:\/\/domaine-vitori.com\/en\/wp-json\/wp\/v2\/comments?post=37"}],"version-history":[{"count":9,"href":"https:\/\/domaine-vitori.com\/en\/wp-json\/wp\/v2\/pages\/37\/revisions"}],"predecessor-version":[{"id":1032,"href":"https:\/\/domaine-vitori.com\/en\/wp-json\/wp\/v2\/pages\/37\/revisions\/1032"}],"wp:attachment":[{"href":"https:\/\/domaine-vitori.com\/en\/wp-json\/wp\/v2\/media?parent=37"}],"curies":[{"name":"wp","href":"https:\/\/api.w.org\/{rel}","templated":true}]}}