{"id":735,"date":"2025-01-24T14:52:29","date_gmt":"2025-01-24T13:52:29","guid":{"rendered":"http:\/\/domaine-vitori.local\/shop\/"},"modified":"2025-02-07T16:12:26","modified_gmt":"2025-02-07T15:12:26","slug":"boutique","status":"publish","type":"page","link":"https:\/\/domaine-vitori.com\/en\/boutique\/","title":{"rendered":"Shop"},"content":{"rendered":"<section class=\"section_hero\">\n    <div class=\"section_hero__content\">\n        <span class=\"subtitle\">Domaine Vit\u00f2ri<\/span>\n        <h1 class=\"section_hero__content--title\">Shop<\/h1>\n        <p class=\"section_hero__content--texte\">Take advantage of FREE postage on purchases of \u20ac300!<\/p>\n    <\/div>\n\n    <img decoding=\"async\" src=\"https:\/\/domaine-vitori.com\/wp-content\/uploads\/2025\/01\/RoutedesVins-domaineVitori-\u00a9LeaGil-16-1-768x512.jpg\" alt=\"\" class=\"section_hero--img\" loading=\"lazy\">\n\n    <div class=\"circle-deco section_hero--circle\"><\/div>\n<\/section>","protected":false},"excerpt":{"rendered":"","protected":false},"author":1,"featured_media":836,"parent":0,"menu_order":0,"comment_status":"closed","ping_status":"closed","template":"","meta":{"footnotes":""},"class_list":["post-735","page","type-page","status-publish","has-post-thumbnail","hentry"],"yoast_head":"<!-- This site is optimized with the Yoast SEO plugin v24.6 - https:\/\/yoast.com\/wordpress\/plugins\/seo\/ -->\n<title>Boutique - Domaine Vit\u00f2ri<\/title>\n<meta name=\"description\" content=\"Boutique du Domaine Vit\u00f2ri : d\u00e9couvrez, commandez nos vins et profitez des frais de port OFFERTS pour 300 \u20ac d\u2019achat !\" \/>\n<meta name=\"robots\" content=\"index, follow, max-snippet:-1, max-image-preview:large, max-video-preview:-1\" \/>\n<link rel=\"canonical\" href=\"https:\/\/domaine-vitori.com\/en\/boutique\/\" \/>\n<meta property=\"og:locale\" content=\"en_GB\" \/>\n<meta property=\"og:type\" content=\"article\" \/>\n<meta property=\"og:title\" content=\"Boutique - Domaine Vit\u00f2ri\" \/>\n<meta property=\"og:description\" content=\"Boutique du Domaine Vit\u00f2ri : d\u00e9couvrez, commandez nos vins et profitez des frais de port OFFERTS pour 300 \u20ac d\u2019achat !\" \/>\n<meta property=\"og:url\" content=\"https:\/\/domaine-vitori.com\/en\/boutique\/\" \/>\n<meta property=\"og:site_name\" content=\"Domaine Vit\u00f2ri\" \/>\n<meta property=\"article:publisher\" content=\"https:\/\/www.facebook.com\/people\/Domaine-Vitri\/100057215449055\/\" \/>\n<meta property=\"article:modified_time\" content=\"2025-02-07T15:12:26+00:00\" \/>\n<meta property=\"og:image\" content=\"https:\/\/domaine-vitori.com\/wp-content\/uploads\/2025\/01\/RoutedesVins-domaineVitori-\u00a9LeaGil-16-1.jpg\" \/>\n\t<meta property=\"og:image:width\" content=\"1920\" \/>\n\t<meta property=\"og:image:height\" content=\"1280\" \/>\n\t<meta property=\"og:image:type\" content=\"image\/jpeg\" \/>\n<meta name=\"twitter:card\" content=\"summary_large_image\" \/>\n<script type=\"application\/ld+json\" class=\"yoast-schema-graph\">{\"@context\":\"https:\/\/schema.org\",\"@graph\":[{\"@type\":\"WebPage\",\"@id\":\"https:\/\/domaine-vitori.com\/boutique\/\",\"url\":\"https:\/\/domaine-vitori.com\/boutique\/\",\"name\":\"Boutique - Domaine Vit\u00f2ri\",\"isPartOf\":{\"@id\":\"https:\/\/domaine-vitori.com\/#website\"},\"primaryImageOfPage\":{\"@id\":\"https:\/\/domaine-vitori.com\/boutique\/#primaryimage\"},\"image\":{\"@id\":\"https:\/\/domaine-vitori.com\/boutique\/#primaryimage\"},\"thumbnailUrl\":\"https:\/\/domaine-vitori.com\/wp-content\/uploads\/2025\/01\/RoutedesVins-domaineVitori-\u00a9LeaGil-16-1.jpg\",\"datePublished\":\"2025-01-24T13:52:29+00:00\",\"dateModified\":\"2025-02-07T15:12:26+00:00\",\"description\":\"Boutique du Domaine Vit\u00f2ri : d\u00e9couvrez, commandez nos vins et profitez des frais de port OFFERTS pour 300 \u20ac d\u2019achat !\",\"breadcrumb\":{\"@id\":\"https:\/\/domaine-vitori.com\/boutique\/#breadcrumb\"},\"inLanguage\":\"en-GB\",\"potentialAction\":[{\"@type\":\"ReadAction\",\"target\":[\"https:\/\/domaine-vitori.com\/boutique\/\"]}]},{\"@type\":\"ImageObject\",\"inLanguage\":\"en-GB\",\"@id\":\"https:\/\/domaine-vitori.com\/boutique\/#primaryimage\",\"url\":\"https:\/\/domaine-vitori.com\/wp-content\/uploads\/2025\/01\/RoutedesVins-domaineVitori-\u00a9LeaGil-16-1.jpg\",\"contentUrl\":\"https:\/\/domaine-vitori.com\/wp-content\/uploads\/2025\/01\/RoutedesVins-domaineVitori-\u00a9LeaGil-16-1.jpg\",\"width\":1920,\"height\":1280},{\"@type\":\"BreadcrumbList\",\"@id\":\"https:\/\/domaine-vitori.com\/boutique\/#breadcrumb\",\"itemListElement\":[{\"@type\":\"ListItem\",\"position\":1,\"name\":\"Accueil\",\"item\":\"https:\/\/domaine-vitori.com\/\"},{\"@type\":\"ListItem\",\"position\":2,\"name\":\"Boutique\"}]},{\"@type\":\"WebSite\",\"@id\":\"https:\/\/domaine-vitori.com\/#website\",\"url\":\"https:\/\/domaine-vitori.com\/\",\"name\":\"Domaine Vitori\",\"description\":\"\",\"publisher\":{\"@id\":\"https:\/\/domaine-vitori.com\/#organization\"},\"potentialAction\":[{\"@type\":\"SearchAction\",\"target\":{\"@type\":\"EntryPoint\",\"urlTemplate\":\"https:\/\/domaine-vitori.com\/?s={search_term_string}\"},\"query-input\":{\"@type\":\"PropertyValueSpecification\",\"valueRequired\":true,\"valueName\":\"search_term_string\"}}],\"inLanguage\":\"en-GB\"},{\"@type\":\"Organization\",\"@id\":\"https:\/\/domaine-vitori.com\/#organization\",\"name\":\"Domaine Vitori\",\"url\":\"https:\/\/domaine-vitori.com\/\",\"logo\":{\"@type\":\"ImageObject\",\"inLanguage\":\"en-GB\",\"@id\":\"https:\/\/domaine-vitori.com\/#\/schema\/logo\/image\/\",\"url\":\"https:\/\/domaine-vitori.com\/wp-content\/uploads\/2025\/01\/logo.jpg\",\"contentUrl\":\"https:\/\/domaine-vitori.com\/wp-content\/uploads\/2025\/01\/logo.jpg\",\"width\":1789,\"height\":536,\"caption\":\"Domaine Vitori\"},\"image\":{\"@id\":\"https:\/\/domaine-vitori.com\/#\/schema\/logo\/image\/\"},\"sameAs\":[\"https:\/\/www.facebook.com\/people\/Domaine-Vitri\/100057215449055\/\",\"https:\/\/www.instagram.com\/domaine.vitori\/?hl=fr\"]}]}<\/script>\n<!-- \/ Yoast SEO plugin. -->","yoast_head_json":{"title":"Boutique - Domaine Vit\u00f2ri","description":"Boutique du Domaine Vit\u00f2ri : d\u00e9couvrez, commandez nos vins et profitez des frais de port OFFERTS pour 300 \u20ac d\u2019achat !","robots":{"index":"index","follow":"follow","max-snippet":"max-snippet:-1","max-image-preview":"max-image-preview:large","max-video-preview":"max-video-preview:-1"},"canonical":"https:\/\/domaine-vitori.com\/en\/boutique\/","og_locale":"en_GB","og_type":"article","og_title":"Boutique - Domaine Vit\u00f2ri","og_description":"Boutique du Domaine Vit\u00f2ri : d\u00e9couvrez, commandez nos vins et profitez des frais de port OFFERTS pour 300 \u20ac d\u2019achat !","og_url":"https:\/\/domaine-vitori.com\/en\/boutique\/","og_site_name":"Domaine Vit\u00f2ri","article_publisher":"https:\/\/www.facebook.com\/people\/Domaine-Vitri\/100057215449055\/","article_modified_time":"2025-02-07T15:12:26+00:00","og_image":[{"width":1920,"height":1280,"url":"https:\/\/domaine-vitori.com\/wp-content\/uploads\/2025\/01\/RoutedesVins-domaineVitori-\u00a9LeaGil-16-1.jpg","type":"image\/jpeg"}],"twitter_card":"summary_large_image","schema":{"@context":"https:\/\/schema.org","@graph":[{"@type":"WebPage","@id":"https:\/\/domaine-vitori.com\/boutique\/","url":"https:\/\/domaine-vitori.com\/boutique\/","name":"Boutique - Domaine Vit\u00f2ri","isPartOf":{"@id":"https:\/\/domaine-vitori.com\/#website"},"primaryImageOfPage":{"@id":"https:\/\/domaine-vitori.com\/boutique\/#primaryimage"},"image":{"@id":"https:\/\/domaine-vitori.com\/boutique\/#primaryimage"},"thumbnailUrl":"https:\/\/domaine-vitori.com\/wp-content\/uploads\/2025\/01\/RoutedesVins-domaineVitori-\u00a9LeaGil-16-1.jpg","datePublished":"2025-01-24T13:52:29+00:00","dateModified":"2025-02-07T15:12:26+00:00","description":"Boutique du Domaine Vit\u00f2ri : d\u00e9couvrez, commandez nos vins et profitez des frais de port OFFERTS pour 300 \u20ac d\u2019achat !","breadcrumb":{"@id":"https:\/\/domaine-vitori.com\/boutique\/#breadcrumb"},"inLanguage":"en-GB","potentialAction":[{"@type":"ReadAction","target":["https:\/\/domaine-vitori.com\/boutique\/"]}]},{"@type":"ImageObject","inLanguage":"en-GB","@id":"https:\/\/domaine-vitori.com\/boutique\/#primaryimage","url":"https:\/\/domaine-vitori.com\/wp-content\/uploads\/2025\/01\/RoutedesVins-domaineVitori-\u00a9LeaGil-16-1.jpg","contentUrl":"https:\/\/domaine-vitori.com\/wp-content\/uploads\/2025\/01\/RoutedesVins-domaineVitori-\u00a9LeaGil-16-1.jpg","width":1920,"height":1280},{"@type":"BreadcrumbList","@id":"https:\/\/domaine-vitori.com\/boutique\/#breadcrumb","itemListElement":[{"@type":"ListItem","position":1,"name":"Accueil","item":"https:\/\/domaine-vitori.com\/"},{"@type":"ListItem","position":2,"name":"Boutique"}]},{"@type":"WebSite","@id":"https:\/\/domaine-vitori.com\/#website","url":"https:\/\/domaine-vitori.com\/","name":"Domaine Vitori","description":"","publisher":{"@id":"https:\/\/domaine-vitori.com\/#organization"},"potentialAction":[{"@type":"SearchAction","target":{"@type":"EntryPoint","urlTemplate":"https:\/\/domaine-vitori.com\/?s={search_term_string}"},"query-input":{"@type":"PropertyValueSpecification","valueRequired":true,"valueName":"search_term_string"}}],"inLanguage":"en-GB"},{"@type":"Organization","@id":"https:\/\/domaine-vitori.com\/#organization","name":"Domaine Vitori","url":"https:\/\/domaine-vitori.com\/","logo":{"@type":"ImageObject","inLanguage":"en-GB","@id":"https:\/\/domaine-vitori.com\/#\/schema\/logo\/image\/","url":"https:\/\/domaine-vitori.com\/wp-content\/uploads\/2025\/01\/logo.jpg","contentUrl":"https:\/\/domaine-vitori.com\/wp-content\/uploads\/2025\/01\/logo.jpg","width":1789,"height":536,"caption":"Domaine Vitori"},"image":{"@id":"https:\/\/domaine-vitori.com\/#\/schema\/logo\/image\/"},"sameAs":["https:\/\/www.facebook.com\/people\/Domaine-Vitri\/100057215449055\/","https:\/\/www.instagram.com\/domaine.vitori\/?hl=fr"]}]}},"_links":{"self":[{"href":"https:\/\/domaine-vitori.com\/en\/wp-json\/wp\/v2\/pages\/735","targetHints":{"allow":["GET"]}}],"collection":[{"href":"https:\/\/domaine-vitori.com\/en\/wp-json\/wp\/v2\/pages"}],"about":[{"href":"https:\/\/domaine-vitori.com\/en\/wp-json\/wp\/v2\/types\/page"}],"author":[{"embeddable":true,"href":"https:\/\/domaine-vitori.com\/en\/wp-json\/wp\/v2\/users\/1"}],"replies":[{"embeddable":true,"href":"https:\/\/domaine-vitori.com\/en\/wp-json\/wp\/v2\/comments?post=735"}],"version-history":[{"count":7,"href":"https:\/\/domaine-vitori.com\/en\/wp-json\/wp\/v2\/pages\/735\/revisions"}],"predecessor-version":[{"id":837,"href":"https:\/\/domaine-vitori.com\/en\/wp-json\/wp\/v2\/pages\/735\/revisions\/837"}],"wp:featuredmedia":[{"embeddable":true,"href":"https:\/\/domaine-vitori.com\/en\/wp-json\/wp\/v2\/media\/836"}],"wp:attachment":[{"href":"https:\/\/domaine-vitori.com\/en\/wp-json\/wp\/v2\/media?parent=735"}],"curies":[{"name":"wp","href":"https:\/\/api.w.org\/{rel}","templated":true}]}}