{"id":1368,"date":"2026-01-20T11:53:24","date_gmt":"2026-01-20T10:53:24","guid":{"rendered":"https:\/\/domaine-vitori.com\/?post_type=product&#038;p=1368"},"modified":"2026-01-20T11:54:04","modified_gmt":"2026-01-20T10:54:04","slug":"6-bouteilles-essencia-75cl-aop-cotes-de-provence-cru-sainte-victoire","status":"publish","type":"product","link":"https:\/\/domaine-vitori.com\/en\/product\/6-bouteilles-essencia-75cl-aop-cotes-de-provence-cru-sainte-victoire\/","title":{"rendered":"6 bouteilles ESSENCIA 75cl AOP C\u00f4tes de Provence &#8211; Cru Sainte Victoire"},"content":{"rendered":"<p><strong>Sold in cases of 6 bottles<\/strong><\/p>\n<p>Ce ros\u00e9 s\u00e9duit par un nez expressif aux accents d\u2019agrumes frais et de fleurs d\u00e9licates. En bouche, l\u2019attaque vive et fluide laisse place \u00e0 une texture soyeuse, \u00e9quilibr\u00e9e et pleine de fra\u00eecheur. Ce ros\u00e9 d&rsquo;\u00e9l\u00e9gance et de fra\u00eecheur nous laisse une belle longueur en finale.<\/p>\n<p>Delivery in France only : For other countries : <a href=\"https:\/\/domaine-vitori.com\/en\/contact\/\">contact us<\/a> !<br \/>\nYou are a professional or a retailer:\u00a0<a href=\"https:\/\/domaine-vitori.com\/en\/contact\/\">contact us<\/a>\u00a0!<\/p>","protected":false},"excerpt":{"rendered":"<p><strong>Sold in cases of 6 bottles<\/strong><\/p>\n<p>Ce ros\u00e9 s\u00e9duit par un nez expressif aux accents d\u2019agrumes frais et de fleurs d\u00e9licates. En bouche, l\u2019attaque vive et fluide laisse place \u00e0 une texture soyeuse, \u00e9quilibr\u00e9e et pleine de fra\u00eecheur. Ce ros\u00e9 d&rsquo;\u00e9l\u00e9gance et de fra\u00eecheur nous laisse une belle longueur en finale.<\/p>\n<p>Delivery in France only : For other countries : <a href=\"https:\/\/domaine-vitori.com\/en\/contact\/\">contact us<\/a> !<\/p>\n<p>You are a professional or a retailer: <a href=\"http:\/\/domaine-vitori.local\/contact\/\">contact us<\/a> !<\/p>\n<hr size=\"1\" \/>\n<p><strong>Sold in boxes of 6 bottles<\/strong><\/p>\n<p>This ros\u00e9 wine captivates with its expressive nose, featuring hints of fresh citrus and delicate flowers. On the palate, the lively and fluid attack gives way to a silky, balanced, and refreshingly crisp texture. This elegant and refreshing ros\u00e9 offers a lovely, lingering finish.<\/p>\n<p>Delivery in France only : For other countries : <a href=\"http:\/\/domaine-vitori.local\/contact\/\">contact us<\/a><\/p>","protected":false},"featured_media":1359,"template":"","meta":[],"product_brand":[],"product_cat":[50],"product_tag":[],"class_list":{"0":"post-1368","1":"product","2":"type-product","3":"status-publish","4":"has-post-thumbnail","6":"product_cat-rose-fr","8":"first","9":"instock","10":"shipping-taxable","11":"purchasable","12":"product-type-simple"},"yoast_head":"<!-- This site is optimized with the Yoast SEO plugin v24.6 - https:\/\/yoast.com\/wordpress\/plugins\/seo\/ -->\n<title>6 bouteilles ESSENCIA 75cl AOP C\u00f4tes de Provence - Cru Sainte Victoire - Domaine Vit\u00f2ri<\/title>\n<meta name=\"robots\" content=\"index, follow, max-snippet:-1, max-image-preview:large, max-video-preview:-1\" \/>\n<link rel=\"canonical\" href=\"https:\/\/domaine-vitori.com\/en\/product\/6-bouteilles-essencia-75cl-aop-cotes-de-provence-cru-sainte-victoire\/\" \/>\n<meta property=\"og:locale\" content=\"en_GB\" \/>\n<meta property=\"og:type\" content=\"article\" \/>\n<meta property=\"og:title\" content=\"6 bouteilles ESSENCIA 75cl AOP C\u00f4tes de Provence - Cru Sainte Victoire - Domaine Vit\u00f2ri\" \/>\n<meta property=\"og:description\" content=\"Vendu par carton de 6 bouteilles  Ce ros\u00e9 s\u00e9duit par un nez expressif aux accents d\u2019agrumes frais et de fleurs d\u00e9licates. En bouche, l\u2019attaque vive et fluide laisse place \u00e0 une texture soyeuse, \u00e9quilibr\u00e9e et pleine de fra\u00eecheur. Ce ros\u00e9 d&#039;\u00e9l\u00e9gance et de fra\u00eecheur nous laisse une belle longueur en finale.  Livraison en France m\u00e9tropolitaine : Pour une livraison en dehors de cette zone : contactez-nous !  Vous \u00eates professionnels, revendeurs : contactez-nous !    Sold in boxes of 6 bottles  This ros\u00e9 wine captivates with its expressive nose, featuring hints of fresh citrus and delicate flowers. On the palate, the lively and fluid attack gives way to a silky, balanced, and refreshingly crisp texture. This elegant and refreshing ros\u00e9 offers a lovely, lingering finish.  Delivery in France only : For other countries : contact us\" \/>\n<meta property=\"og:url\" content=\"https:\/\/domaine-vitori.com\/en\/product\/6-bouteilles-essencia-75cl-aop-cotes-de-provence-cru-sainte-victoire\/\" \/>\n<meta property=\"og:site_name\" content=\"Domaine Vit\u00f2ri\" \/>\n<meta property=\"article:publisher\" content=\"https:\/\/www.facebook.com\/people\/Domaine-Vitri\/100057215449055\/\" \/>\n<meta property=\"article:modified_time\" content=\"2026-01-20T10:54:04+00:00\" \/>\n<meta property=\"og:image\" content=\"https:\/\/domaine-vitori.com\/wp-content\/uploads\/2025\/01\/essencia-1024x1024.png\" \/>\n\t<meta property=\"og:image:width\" content=\"1024\" \/>\n\t<meta property=\"og:image:height\" content=\"1024\" \/>\n\t<meta property=\"og:image:type\" content=\"image\/png\" \/>\n<meta name=\"twitter:card\" content=\"summary_large_image\" \/>\n<meta name=\"twitter:label1\" content=\"Estimated reading time\" \/>\n\t<meta name=\"twitter:data1\" content=\"1 minute\" \/>\n<script type=\"application\/ld+json\" class=\"yoast-schema-graph\">{\"@context\":\"https:\/\/schema.org\",\"@graph\":[{\"@type\":\"WebPage\",\"@id\":\"https:\/\/domaine-vitori.com\/product\/6-bouteilles-essencia-75cl-aop-cotes-de-provence-cru-sainte-victoire\/\",\"url\":\"https:\/\/domaine-vitori.com\/product\/6-bouteilles-essencia-75cl-aop-cotes-de-provence-cru-sainte-victoire\/\",\"name\":\"6 bouteilles ESSENCIA 75cl AOP C\u00f4tes de Provence - Cru Sainte Victoire - Domaine Vit\u00f2ri\",\"isPartOf\":{\"@id\":\"https:\/\/domaine-vitori.com\/#website\"},\"primaryImageOfPage\":{\"@id\":\"https:\/\/domaine-vitori.com\/product\/6-bouteilles-essencia-75cl-aop-cotes-de-provence-cru-sainte-victoire\/#primaryimage\"},\"image\":{\"@id\":\"https:\/\/domaine-vitori.com\/product\/6-bouteilles-essencia-75cl-aop-cotes-de-provence-cru-sainte-victoire\/#primaryimage\"},\"thumbnailUrl\":\"https:\/\/domaine-vitori.com\/wp-content\/uploads\/2025\/01\/essencia.png\",\"datePublished\":\"2026-01-20T10:53:24+00:00\",\"dateModified\":\"2026-01-20T10:54:04+00:00\",\"breadcrumb\":{\"@id\":\"https:\/\/domaine-vitori.com\/product\/6-bouteilles-essencia-75cl-aop-cotes-de-provence-cru-sainte-victoire\/#breadcrumb\"},\"inLanguage\":\"en-GB\",\"potentialAction\":[{\"@type\":\"ReadAction\",\"target\":[\"https:\/\/domaine-vitori.com\/product\/6-bouteilles-essencia-75cl-aop-cotes-de-provence-cru-sainte-victoire\/\"]}]},{\"@type\":\"ImageObject\",\"inLanguage\":\"en-GB\",\"@id\":\"https:\/\/domaine-vitori.com\/product\/6-bouteilles-essencia-75cl-aop-cotes-de-provence-cru-sainte-victoire\/#primaryimage\",\"url\":\"https:\/\/domaine-vitori.com\/wp-content\/uploads\/2025\/01\/essencia.png\",\"contentUrl\":\"https:\/\/domaine-vitori.com\/wp-content\/uploads\/2025\/01\/essencia.png\",\"width\":4096,\"height\":4096},{\"@type\":\"BreadcrumbList\",\"@id\":\"https:\/\/domaine-vitori.com\/product\/6-bouteilles-essencia-75cl-aop-cotes-de-provence-cru-sainte-victoire\/#breadcrumb\",\"itemListElement\":[{\"@type\":\"ListItem\",\"position\":1,\"name\":\"Accueil\",\"item\":\"https:\/\/domaine-vitori.com\/\"},{\"@type\":\"ListItem\",\"position\":2,\"name\":\"6 bouteilles ESSENCIA 75cl AOP C\u00f4tes de Provence &#8211; Cru Sainte Victoire\"}]},{\"@type\":\"WebSite\",\"@id\":\"https:\/\/domaine-vitori.com\/#website\",\"url\":\"https:\/\/domaine-vitori.com\/\",\"name\":\"Domaine Vitori\",\"description\":\"\",\"publisher\":{\"@id\":\"https:\/\/domaine-vitori.com\/#organization\"},\"potentialAction\":[{\"@type\":\"SearchAction\",\"target\":{\"@type\":\"EntryPoint\",\"urlTemplate\":\"https:\/\/domaine-vitori.com\/?s={search_term_string}\"},\"query-input\":{\"@type\":\"PropertyValueSpecification\",\"valueRequired\":true,\"valueName\":\"search_term_string\"}}],\"inLanguage\":\"en-GB\"},{\"@type\":\"Organization\",\"@id\":\"https:\/\/domaine-vitori.com\/#organization\",\"name\":\"Domaine Vitori\",\"url\":\"https:\/\/domaine-vitori.com\/\",\"logo\":{\"@type\":\"ImageObject\",\"inLanguage\":\"en-GB\",\"@id\":\"https:\/\/domaine-vitori.com\/#\/schema\/logo\/image\/\",\"url\":\"https:\/\/domaine-vitori.com\/wp-content\/uploads\/2025\/01\/logo.jpg\",\"contentUrl\":\"https:\/\/domaine-vitori.com\/wp-content\/uploads\/2025\/01\/logo.jpg\",\"width\":1789,\"height\":536,\"caption\":\"Domaine Vitori\"},\"image\":{\"@id\":\"https:\/\/domaine-vitori.com\/#\/schema\/logo\/image\/\"},\"sameAs\":[\"https:\/\/www.facebook.com\/people\/Domaine-Vitri\/100057215449055\/\",\"https:\/\/www.instagram.com\/domaine.vitori\/?hl=fr\"]}]}<\/script>\n<!-- \/ Yoast SEO plugin. -->","yoast_head_json":{"title":"6 bouteilles ESSENCIA 75cl AOP C\u00f4tes de Provence - Cru Sainte Victoire - Domaine Vit\u00f2ri","robots":{"index":"index","follow":"follow","max-snippet":"max-snippet:-1","max-image-preview":"max-image-preview:large","max-video-preview":"max-video-preview:-1"},"canonical":"https:\/\/domaine-vitori.com\/en\/product\/6-bouteilles-essencia-75cl-aop-cotes-de-provence-cru-sainte-victoire\/","og_locale":"en_GB","og_type":"article","og_title":"6 bouteilles ESSENCIA 75cl AOP C\u00f4tes de Provence - Cru Sainte Victoire - Domaine Vit\u00f2ri","og_description":"Vendu par carton de 6 bouteilles  Ce ros\u00e9 s\u00e9duit par un nez expressif aux accents d\u2019agrumes frais et de fleurs d\u00e9licates. En bouche, l\u2019attaque vive et fluide laisse place \u00e0 une texture soyeuse, \u00e9quilibr\u00e9e et pleine de fra\u00eecheur. Ce ros\u00e9 d'\u00e9l\u00e9gance et de fra\u00eecheur nous laisse une belle longueur en finale.  Livraison en France m\u00e9tropolitaine : Pour une livraison en dehors de cette zone : contactez-nous !  Vous \u00eates professionnels, revendeurs : contactez-nous !    Sold in boxes of 6 bottles  This ros\u00e9 wine captivates with its expressive nose, featuring hints of fresh citrus and delicate flowers. On the palate, the lively and fluid attack gives way to a silky, balanced, and refreshingly crisp texture. This elegant and refreshing ros\u00e9 offers a lovely, lingering finish.  Delivery in France only : For other countries : contact us","og_url":"https:\/\/domaine-vitori.com\/en\/product\/6-bouteilles-essencia-75cl-aop-cotes-de-provence-cru-sainte-victoire\/","og_site_name":"Domaine Vit\u00f2ri","article_publisher":"https:\/\/www.facebook.com\/people\/Domaine-Vitri\/100057215449055\/","article_modified_time":"2026-01-20T10:54:04+00:00","og_image":[{"width":1024,"height":1024,"url":"https:\/\/domaine-vitori.com\/wp-content\/uploads\/2025\/01\/essencia-1024x1024.png","type":"image\/png"}],"twitter_card":"summary_large_image","twitter_misc":{"Estimated reading time":"1 minute"},"schema":{"@context":"https:\/\/schema.org","@graph":[{"@type":"WebPage","@id":"https:\/\/domaine-vitori.com\/product\/6-bouteilles-essencia-75cl-aop-cotes-de-provence-cru-sainte-victoire\/","url":"https:\/\/domaine-vitori.com\/product\/6-bouteilles-essencia-75cl-aop-cotes-de-provence-cru-sainte-victoire\/","name":"6 bouteilles ESSENCIA 75cl AOP C\u00f4tes de Provence - Cru Sainte Victoire - Domaine Vit\u00f2ri","isPartOf":{"@id":"https:\/\/domaine-vitori.com\/#website"},"primaryImageOfPage":{"@id":"https:\/\/domaine-vitori.com\/product\/6-bouteilles-essencia-75cl-aop-cotes-de-provence-cru-sainte-victoire\/#primaryimage"},"image":{"@id":"https:\/\/domaine-vitori.com\/product\/6-bouteilles-essencia-75cl-aop-cotes-de-provence-cru-sainte-victoire\/#primaryimage"},"thumbnailUrl":"https:\/\/domaine-vitori.com\/wp-content\/uploads\/2025\/01\/essencia.png","datePublished":"2026-01-20T10:53:24+00:00","dateModified":"2026-01-20T10:54:04+00:00","breadcrumb":{"@id":"https:\/\/domaine-vitori.com\/product\/6-bouteilles-essencia-75cl-aop-cotes-de-provence-cru-sainte-victoire\/#breadcrumb"},"inLanguage":"en-GB","potentialAction":[{"@type":"ReadAction","target":["https:\/\/domaine-vitori.com\/product\/6-bouteilles-essencia-75cl-aop-cotes-de-provence-cru-sainte-victoire\/"]}]},{"@type":"ImageObject","inLanguage":"en-GB","@id":"https:\/\/domaine-vitori.com\/product\/6-bouteilles-essencia-75cl-aop-cotes-de-provence-cru-sainte-victoire\/#primaryimage","url":"https:\/\/domaine-vitori.com\/wp-content\/uploads\/2025\/01\/essencia.png","contentUrl":"https:\/\/domaine-vitori.com\/wp-content\/uploads\/2025\/01\/essencia.png","width":4096,"height":4096},{"@type":"BreadcrumbList","@id":"https:\/\/domaine-vitori.com\/product\/6-bouteilles-essencia-75cl-aop-cotes-de-provence-cru-sainte-victoire\/#breadcrumb","itemListElement":[{"@type":"ListItem","position":1,"name":"Accueil","item":"https:\/\/domaine-vitori.com\/"},{"@type":"ListItem","position":2,"name":"6 bouteilles ESSENCIA 75cl AOP C\u00f4tes de Provence &#8211; Cru Sainte Victoire"}]},{"@type":"WebSite","@id":"https:\/\/domaine-vitori.com\/#website","url":"https:\/\/domaine-vitori.com\/","name":"Domaine Vitori","description":"","publisher":{"@id":"https:\/\/domaine-vitori.com\/#organization"},"potentialAction":[{"@type":"SearchAction","target":{"@type":"EntryPoint","urlTemplate":"https:\/\/domaine-vitori.com\/?s={search_term_string}"},"query-input":{"@type":"PropertyValueSpecification","valueRequired":true,"valueName":"search_term_string"}}],"inLanguage":"en-GB"},{"@type":"Organization","@id":"https:\/\/domaine-vitori.com\/#organization","name":"Domaine Vitori","url":"https:\/\/domaine-vitori.com\/","logo":{"@type":"ImageObject","inLanguage":"en-GB","@id":"https:\/\/domaine-vitori.com\/#\/schema\/logo\/image\/","url":"https:\/\/domaine-vitori.com\/wp-content\/uploads\/2025\/01\/logo.jpg","contentUrl":"https:\/\/domaine-vitori.com\/wp-content\/uploads\/2025\/01\/logo.jpg","width":1789,"height":536,"caption":"Domaine Vitori"},"image":{"@id":"https:\/\/domaine-vitori.com\/#\/schema\/logo\/image\/"},"sameAs":["https:\/\/www.facebook.com\/people\/Domaine-Vitri\/100057215449055\/","https:\/\/www.instagram.com\/domaine.vitori\/?hl=fr"]}]}},"_links":{"self":[{"href":"https:\/\/domaine-vitori.com\/en\/wp-json\/wp\/v2\/product\/1368","targetHints":{"allow":["GET"]}}],"collection":[{"href":"https:\/\/domaine-vitori.com\/en\/wp-json\/wp\/v2\/product"}],"about":[{"href":"https:\/\/domaine-vitori.com\/en\/wp-json\/wp\/v2\/types\/product"}],"wp:featuredmedia":[{"embeddable":true,"href":"https:\/\/domaine-vitori.com\/en\/wp-json\/wp\/v2\/media\/1359"}],"wp:attachment":[{"href":"https:\/\/domaine-vitori.com\/en\/wp-json\/wp\/v2\/media?parent=1368"}],"wp:term":[{"taxonomy":"product_brand","embeddable":true,"href":"https:\/\/domaine-vitori.com\/en\/wp-json\/wp\/v2\/product_brand?post=1368"},{"taxonomy":"product_cat","embeddable":true,"href":"https:\/\/domaine-vitori.com\/en\/wp-json\/wp\/v2\/product_cat?post=1368"},{"taxonomy":"product_tag","embeddable":true,"href":"https:\/\/domaine-vitori.com\/en\/wp-json\/wp\/v2\/product_tag?post=1368"}],"curies":[{"name":"wp","href":"https:\/\/api.w.org\/{rel}","templated":true}]}}