{"id":741,"date":"2025-01-24T15:07:51","date_gmt":"2025-01-24T14:07:51","guid":{"rendered":"http:\/\/domaine-vitori.local\/?post_type=product&#038;p=741"},"modified":"2026-01-20T11:39:45","modified_gmt":"2026-01-20T10:39:45","slug":"6-bouteilles-domaine-vitori-blanc-75cl-aop-cotes-de-provence","status":"publish","type":"product","link":"https:\/\/domaine-vitori.com\/en\/product\/6-bouteilles-domaine-vitori-blanc-75cl-aop-cotes-de-provence\/","title":{"rendered":"6 bottles Domaine VITORI BLANC 75cl AOP C\u00f4tes de Provence"},"content":{"rendered":"<p><strong>Sold in cases of 6 bottles<\/strong><\/p>\n<p><em><strong>2022 GOLD medal at the Provence Wine Competition\u00a0<\/strong><\/em><\/p>\n<div>\n<div data-pm-slice=\"1 1 []\" data-en-clipboard=\"true\">\n<p>Harvested at night, 60% Rolle \/ 40% S\u00e9millon blend. Pellicular maceration in vats for 72 hours followed by cold stabulation before alcoholic fermentation. B\u00e2tonnage on fine lees. Very flattering with its floral and fruity notes and good balance on the palate.<\/p>\n<p>&nbsp;<\/p>\n<\/div>\n<\/div>\n<p>Delivery in France only : For other countries : <a href=\"https:\/\/domaine-vitori.com\/en\/contact\/\">contact us<\/a> !<\/p>\n<p>You are a professional or a retailer: <a href=\"https:\/\/domaine-vitori.com\/en\/contact\/\">contact us<\/a> !<\/p>","protected":false},"excerpt":{"rendered":"<p>Vendu par carton de 6 bouteilles M\u00e9daille d\u2019OR 2022 au Concours des vins de Provence\u00a0 Vendanges de nuit, Assemblage 60% Rolle \/ 40% S\u00e9millon. Mac\u00e9ration Pelliculaire en cuve pendant 72 heures suivie d\u2019une stabulation \u00e0 froid avant fermentation alcoolique. B\u00e2tonnage sur lies fines. Tr\u00e8s flatteur avec ses notes florales et fruit\u00e9es ainsi qu\u2019un bon \u00e9quilibre &hellip; <a href=\"https:\/\/domaine-vitori.com\/en\/product\/6-bouteilles-domaine-vitori-blanc-75cl-aop-cotes-de-provence\/\">Continued<\/a><\/p>","protected":false},"featured_media":1365,"template":"","meta":[],"product_brand":[],"product_cat":[48],"product_tag":[],"class_list":{"0":"post-741","1":"product","2":"type-product","3":"status-publish","4":"has-post-thumbnail","6":"product_cat-blanc-fr","8":"first","9":"instock","10":"featured","11":"shipping-taxable","12":"purchasable","13":"product-type-simple"},"yoast_head":"<!-- This site is optimized with the Yoast SEO plugin v24.6 - https:\/\/yoast.com\/wordpress\/plugins\/seo\/ -->\n<title>6 bouteilles Domaine VITORI BLANC 75cl AOP C\u00f4tes de Provence - Domaine Vit\u00f2ri<\/title>\n<meta name=\"robots\" content=\"index, follow, max-snippet:-1, max-image-preview:large, max-video-preview:-1\" \/>\n<link rel=\"canonical\" href=\"https:\/\/domaine-vitori.com\/en\/product\/6-bouteilles-domaine-vitori-blanc-75cl-aop-cotes-de-provence\/\" \/>\n<meta property=\"og:locale\" content=\"en_GB\" \/>\n<meta property=\"og:type\" content=\"article\" \/>\n<meta property=\"og:title\" content=\"6 bouteilles Domaine VITORI BLANC 75cl AOP C\u00f4tes de Provence - Domaine Vit\u00f2ri\" \/>\n<meta property=\"og:description\" content=\"Vendu par carton de 6 bouteilles M\u00e9daille d\u2019OR 2022 au Concours des vins de Provence\u00a0 Vendanges de nuit, Assemblage 60% Rolle \/ 40% S\u00e9millon. Mac\u00e9ration Pelliculaire en cuve pendant 72 heures suivie d\u2019une stabulation \u00e0 froid avant fermentation alcoolique. B\u00e2tonnage sur lies fines. Tr\u00e8s flatteur avec ses notes florales et fruit\u00e9es ainsi qu\u2019un bon \u00e9quilibre &hellip; Continued\" \/>\n<meta property=\"og:url\" content=\"https:\/\/domaine-vitori.com\/en\/product\/6-bouteilles-domaine-vitori-blanc-75cl-aop-cotes-de-provence\/\" \/>\n<meta property=\"og:site_name\" content=\"Domaine Vit\u00f2ri\" \/>\n<meta property=\"article:publisher\" content=\"https:\/\/www.facebook.com\/people\/Domaine-Vitri\/100057215449055\/\" \/>\n<meta property=\"article:modified_time\" content=\"2026-01-20T10:39:45+00:00\" \/>\n<meta property=\"og:image\" content=\"https:\/\/domaine-vitori.com\/wp-content\/uploads\/2025\/01\/vitori-blanc-1024x1024.png\" \/>\n\t<meta property=\"og:image:width\" content=\"1024\" \/>\n\t<meta property=\"og:image:height\" content=\"1024\" \/>\n\t<meta property=\"og:image:type\" content=\"image\/png\" \/>\n<meta name=\"twitter:card\" content=\"summary_large_image\" \/>\n<meta name=\"twitter:label1\" content=\"Estimated reading time\" \/>\n\t<meta name=\"twitter:data1\" content=\"1 minute\" \/>\n<script type=\"application\/ld+json\" class=\"yoast-schema-graph\">{\"@context\":\"https:\/\/schema.org\",\"@graph\":[{\"@type\":\"WebPage\",\"@id\":\"https:\/\/domaine-vitori.com\/product\/6-bouteilles-domaine-vitori-blanc-75cl-aop-cotes-de-provence\/\",\"url\":\"https:\/\/domaine-vitori.com\/product\/6-bouteilles-domaine-vitori-blanc-75cl-aop-cotes-de-provence\/\",\"name\":\"6 bouteilles Domaine VITORI BLANC 75cl AOP C\u00f4tes de Provence - Domaine Vit\u00f2ri\",\"isPartOf\":{\"@id\":\"https:\/\/domaine-vitori.com\/#website\"},\"primaryImageOfPage\":{\"@id\":\"https:\/\/domaine-vitori.com\/product\/6-bouteilles-domaine-vitori-blanc-75cl-aop-cotes-de-provence\/#primaryimage\"},\"image\":{\"@id\":\"https:\/\/domaine-vitori.com\/product\/6-bouteilles-domaine-vitori-blanc-75cl-aop-cotes-de-provence\/#primaryimage\"},\"thumbnailUrl\":\"https:\/\/domaine-vitori.com\/wp-content\/uploads\/2025\/01\/vitori-blanc.png\",\"datePublished\":\"2025-01-24T14:07:51+00:00\",\"dateModified\":\"2026-01-20T10:39:45+00:00\",\"breadcrumb\":{\"@id\":\"https:\/\/domaine-vitori.com\/product\/6-bouteilles-domaine-vitori-blanc-75cl-aop-cotes-de-provence\/#breadcrumb\"},\"inLanguage\":\"en-GB\",\"potentialAction\":[{\"@type\":\"ReadAction\",\"target\":[\"https:\/\/domaine-vitori.com\/product\/6-bouteilles-domaine-vitori-blanc-75cl-aop-cotes-de-provence\/\"]}]},{\"@type\":\"ImageObject\",\"inLanguage\":\"en-GB\",\"@id\":\"https:\/\/domaine-vitori.com\/product\/6-bouteilles-domaine-vitori-blanc-75cl-aop-cotes-de-provence\/#primaryimage\",\"url\":\"https:\/\/domaine-vitori.com\/wp-content\/uploads\/2025\/01\/vitori-blanc.png\",\"contentUrl\":\"https:\/\/domaine-vitori.com\/wp-content\/uploads\/2025\/01\/vitori-blanc.png\",\"width\":4096,\"height\":4096},{\"@type\":\"BreadcrumbList\",\"@id\":\"https:\/\/domaine-vitori.com\/product\/6-bouteilles-domaine-vitori-blanc-75cl-aop-cotes-de-provence\/#breadcrumb\",\"itemListElement\":[{\"@type\":\"ListItem\",\"position\":1,\"name\":\"Accueil\",\"item\":\"https:\/\/domaine-vitori.com\/\"},{\"@type\":\"ListItem\",\"position\":2,\"name\":\"6 bouteilles Domaine VITORI BLANC 75cl AOP C\u00f4tes de Provence\"}]},{\"@type\":\"WebSite\",\"@id\":\"https:\/\/domaine-vitori.com\/#website\",\"url\":\"https:\/\/domaine-vitori.com\/\",\"name\":\"Domaine Vitori\",\"description\":\"\",\"publisher\":{\"@id\":\"https:\/\/domaine-vitori.com\/#organization\"},\"potentialAction\":[{\"@type\":\"SearchAction\",\"target\":{\"@type\":\"EntryPoint\",\"urlTemplate\":\"https:\/\/domaine-vitori.com\/?s={search_term_string}\"},\"query-input\":{\"@type\":\"PropertyValueSpecification\",\"valueRequired\":true,\"valueName\":\"search_term_string\"}}],\"inLanguage\":\"en-GB\"},{\"@type\":\"Organization\",\"@id\":\"https:\/\/domaine-vitori.com\/#organization\",\"name\":\"Domaine Vitori\",\"url\":\"https:\/\/domaine-vitori.com\/\",\"logo\":{\"@type\":\"ImageObject\",\"inLanguage\":\"en-GB\",\"@id\":\"https:\/\/domaine-vitori.com\/#\/schema\/logo\/image\/\",\"url\":\"https:\/\/domaine-vitori.com\/wp-content\/uploads\/2025\/01\/logo.jpg\",\"contentUrl\":\"https:\/\/domaine-vitori.com\/wp-content\/uploads\/2025\/01\/logo.jpg\",\"width\":1789,\"height\":536,\"caption\":\"Domaine Vitori\"},\"image\":{\"@id\":\"https:\/\/domaine-vitori.com\/#\/schema\/logo\/image\/\"},\"sameAs\":[\"https:\/\/www.facebook.com\/people\/Domaine-Vitri\/100057215449055\/\",\"https:\/\/www.instagram.com\/domaine.vitori\/?hl=fr\"]}]}<\/script>\n<!-- \/ Yoast SEO plugin. -->","yoast_head_json":{"title":"6 bouteilles Domaine VITORI BLANC 75cl AOP C\u00f4tes de Provence - Domaine Vit\u00f2ri","robots":{"index":"index","follow":"follow","max-snippet":"max-snippet:-1","max-image-preview":"max-image-preview:large","max-video-preview":"max-video-preview:-1"},"canonical":"https:\/\/domaine-vitori.com\/en\/product\/6-bouteilles-domaine-vitori-blanc-75cl-aop-cotes-de-provence\/","og_locale":"en_GB","og_type":"article","og_title":"6 bouteilles Domaine VITORI BLANC 75cl AOP C\u00f4tes de Provence - Domaine Vit\u00f2ri","og_description":"Vendu par carton de 6 bouteilles M\u00e9daille d\u2019OR 2022 au Concours des vins de Provence\u00a0 Vendanges de nuit, Assemblage 60% Rolle \/ 40% S\u00e9millon. Mac\u00e9ration Pelliculaire en cuve pendant 72 heures suivie d\u2019une stabulation \u00e0 froid avant fermentation alcoolique. B\u00e2tonnage sur lies fines. Tr\u00e8s flatteur avec ses notes florales et fruit\u00e9es ainsi qu\u2019un bon \u00e9quilibre &hellip; Continued","og_url":"https:\/\/domaine-vitori.com\/en\/product\/6-bouteilles-domaine-vitori-blanc-75cl-aop-cotes-de-provence\/","og_site_name":"Domaine Vit\u00f2ri","article_publisher":"https:\/\/www.facebook.com\/people\/Domaine-Vitri\/100057215449055\/","article_modified_time":"2026-01-20T10:39:45+00:00","og_image":[{"width":1024,"height":1024,"url":"https:\/\/domaine-vitori.com\/wp-content\/uploads\/2025\/01\/vitori-blanc-1024x1024.png","type":"image\/png"}],"twitter_card":"summary_large_image","twitter_misc":{"Estimated reading time":"1 minute"},"schema":{"@context":"https:\/\/schema.org","@graph":[{"@type":"WebPage","@id":"https:\/\/domaine-vitori.com\/product\/6-bouteilles-domaine-vitori-blanc-75cl-aop-cotes-de-provence\/","url":"https:\/\/domaine-vitori.com\/product\/6-bouteilles-domaine-vitori-blanc-75cl-aop-cotes-de-provence\/","name":"6 bouteilles Domaine VITORI BLANC 75cl AOP C\u00f4tes de Provence - Domaine Vit\u00f2ri","isPartOf":{"@id":"https:\/\/domaine-vitori.com\/#website"},"primaryImageOfPage":{"@id":"https:\/\/domaine-vitori.com\/product\/6-bouteilles-domaine-vitori-blanc-75cl-aop-cotes-de-provence\/#primaryimage"},"image":{"@id":"https:\/\/domaine-vitori.com\/product\/6-bouteilles-domaine-vitori-blanc-75cl-aop-cotes-de-provence\/#primaryimage"},"thumbnailUrl":"https:\/\/domaine-vitori.com\/wp-content\/uploads\/2025\/01\/vitori-blanc.png","datePublished":"2025-01-24T14:07:51+00:00","dateModified":"2026-01-20T10:39:45+00:00","breadcrumb":{"@id":"https:\/\/domaine-vitori.com\/product\/6-bouteilles-domaine-vitori-blanc-75cl-aop-cotes-de-provence\/#breadcrumb"},"inLanguage":"en-GB","potentialAction":[{"@type":"ReadAction","target":["https:\/\/domaine-vitori.com\/product\/6-bouteilles-domaine-vitori-blanc-75cl-aop-cotes-de-provence\/"]}]},{"@type":"ImageObject","inLanguage":"en-GB","@id":"https:\/\/domaine-vitori.com\/product\/6-bouteilles-domaine-vitori-blanc-75cl-aop-cotes-de-provence\/#primaryimage","url":"https:\/\/domaine-vitori.com\/wp-content\/uploads\/2025\/01\/vitori-blanc.png","contentUrl":"https:\/\/domaine-vitori.com\/wp-content\/uploads\/2025\/01\/vitori-blanc.png","width":4096,"height":4096},{"@type":"BreadcrumbList","@id":"https:\/\/domaine-vitori.com\/product\/6-bouteilles-domaine-vitori-blanc-75cl-aop-cotes-de-provence\/#breadcrumb","itemListElement":[{"@type":"ListItem","position":1,"name":"Accueil","item":"https:\/\/domaine-vitori.com\/"},{"@type":"ListItem","position":2,"name":"6 bouteilles Domaine VITORI BLANC 75cl AOP C\u00f4tes de Provence"}]},{"@type":"WebSite","@id":"https:\/\/domaine-vitori.com\/#website","url":"https:\/\/domaine-vitori.com\/","name":"Domaine Vitori","description":"","publisher":{"@id":"https:\/\/domaine-vitori.com\/#organization"},"potentialAction":[{"@type":"SearchAction","target":{"@type":"EntryPoint","urlTemplate":"https:\/\/domaine-vitori.com\/?s={search_term_string}"},"query-input":{"@type":"PropertyValueSpecification","valueRequired":true,"valueName":"search_term_string"}}],"inLanguage":"en-GB"},{"@type":"Organization","@id":"https:\/\/domaine-vitori.com\/#organization","name":"Domaine Vitori","url":"https:\/\/domaine-vitori.com\/","logo":{"@type":"ImageObject","inLanguage":"en-GB","@id":"https:\/\/domaine-vitori.com\/#\/schema\/logo\/image\/","url":"https:\/\/domaine-vitori.com\/wp-content\/uploads\/2025\/01\/logo.jpg","contentUrl":"https:\/\/domaine-vitori.com\/wp-content\/uploads\/2025\/01\/logo.jpg","width":1789,"height":536,"caption":"Domaine Vitori"},"image":{"@id":"https:\/\/domaine-vitori.com\/#\/schema\/logo\/image\/"},"sameAs":["https:\/\/www.facebook.com\/people\/Domaine-Vitri\/100057215449055\/","https:\/\/www.instagram.com\/domaine.vitori\/?hl=fr"]}]}},"_links":{"self":[{"href":"https:\/\/domaine-vitori.com\/en\/wp-json\/wp\/v2\/product\/741","targetHints":{"allow":["GET"]}}],"collection":[{"href":"https:\/\/domaine-vitori.com\/en\/wp-json\/wp\/v2\/product"}],"about":[{"href":"https:\/\/domaine-vitori.com\/en\/wp-json\/wp\/v2\/types\/product"}],"wp:featuredmedia":[{"embeddable":true,"href":"https:\/\/domaine-vitori.com\/en\/wp-json\/wp\/v2\/media\/1365"}],"wp:attachment":[{"href":"https:\/\/domaine-vitori.com\/en\/wp-json\/wp\/v2\/media?parent=741"}],"wp:term":[{"taxonomy":"product_brand","embeddable":true,"href":"https:\/\/domaine-vitori.com\/en\/wp-json\/wp\/v2\/product_brand?post=741"},{"taxonomy":"product_cat","embeddable":true,"href":"https:\/\/domaine-vitori.com\/en\/wp-json\/wp\/v2\/product_cat?post=741"},{"taxonomy":"product_tag","embeddable":true,"href":"https:\/\/domaine-vitori.com\/en\/wp-json\/wp\/v2\/product_tag?post=741"}],"curies":[{"name":"wp","href":"https:\/\/api.w.org\/{rel}","templated":true}]}}