{"id":745,"date":"2025-01-24T15:18:15","date_gmt":"2025-01-24T14:18:15","guid":{"rendered":"http:\/\/domaine-vitori.local\/?post_type=product&#038;p=745"},"modified":"2026-01-20T11:38:46","modified_gmt":"2026-01-20T10:38:46","slug":"6-bouteilles-domaine-vitori-rose-75cl-aop-cotes-de-provence","status":"publish","type":"product","link":"https:\/\/domaine-vitori.com\/en\/product\/6-bouteilles-domaine-vitori-rose-75cl-aop-cotes-de-provence\/","title":{"rendered":"6 bottles Domaine VITORI ROSE 75cl AOP C\u00f4tes de Provence"},"content":{"rendered":"<p><strong>Sold in cases of 6 bottles<\/strong><\/p>\n<div data-pm-slice=\"1 1 []\" data-en-clipboard=\"true\">\n<p data-pm-slice=\"1 1 []\" data-en-clipboard=\"true\"><em><strong>Gold medal 2022 and 2023 at the Concours G\u00e9n\u00e9ral Agricole de Paris<\/strong><\/em><\/p>\n<p><em><strong>2022 Gold Medal at the M\u00e2con Wine Competition<\/strong><\/em><\/p>\n<p><em><strong>2023 Gold Medal at the Provence Wine Competition<br \/>\n<\/strong><\/em><br \/>\n<em><strong>2023 Gold Medal at the Lyon Wine Competition<\/strong><strong><br \/>\n<\/strong><\/em><\/p>\n<p class=\"mkdf-single-product-title\"><em><strong>Silver Medal 2024 AT THE WORLD ROSE INTERNATIONAL VINALIES COMPETITION<br \/>\n<\/strong><\/em><\/p>\n<div data-pm-slice=\"1 1 []\" data-en-clipboard=\"true\">\n<p data-pm-slice=\"1 1 []\" data-en-clipboard=\"true\">Night-harvesting, Direct pressing, Subtle blend of the estate's oldest vines (between 45 and 63 years old): 45% Cinsault \/ 35% Grenache \/ 20% Syrah. Vinification Grape variety by grape variety. Cold stabilisation before alcoholic fermentation, followed by stirring on fine lees. Aromas of citrus fruit and red berries with a very long finish.<\/p>\n<p data-pm-slice=\"1 1 []\" data-en-clipboard=\"true\">\n<\/div>\n<\/div>\n<p>Delivery in France only : For other countries : <a href=\"https:\/\/domaine-vitori.com\/en\/contact\/\">contact us<\/a> !<br \/>\nYou are a professional or a retailer:\u00a0<a href=\"https:\/\/domaine-vitori.com\/en\/contact\/\">contact us<\/a>\u00a0!<\/p>","protected":false},"excerpt":{"rendered":"<p><strong>Sold in cases of 6 bottles<\/strong><\/p>\n<div data-pm-slice=\"1 1 []\" data-en-clipboard=\"true\">M\u00e9daille d&rsquo;or 2022 Concours g\u00e9n\u00e9ral agricole de Paris<\/div>\n<div data-pm-slice=\"1 1 []\" data-en-clipboard=\"true\">subtil assemblage cinsault, grenache et syrah<\/div>\n<div>Aromes d&rsquo;agrumes et une belle long\u00e9vit\u00e9 en bouche<\/div>\n<p>Delivery in France only : For other countries : <a href=\"http:\/\/domaine-vitori.local\/contact\/\">contact us<\/a> !<br \/>\nYou are a professional or a retailer: <a href=\"http:\/\/domaine-vitori.local\/contact\/\">contact us<\/a> !<\/p>\n<hr size=\"1\" \/>\n<p><strong>Sold in boxes of 6 bottles<\/strong><\/p>\n<p>Gold Medal 2022 Paris General Agricultural Competition<\/p>\n<p>Subtle blend of cinsault, grenache and syrah<br \/>\nCitrus aromas and a nice longevity in the mouth<\/p>\n<p>Delivery in France only : For other countries : <a href=\"http:\/\/domaine-vitori.local\/contact\/\">contact us<\/a><\/p>","protected":false},"featured_media":1366,"template":"","meta":[],"product_brand":[],"product_cat":[50],"product_tag":[],"class_list":{"0":"post-745","1":"product","2":"type-product","3":"status-publish","4":"has-post-thumbnail","6":"product_cat-rose-fr","8":"first","9":"instock","10":"featured","11":"shipping-taxable","12":"purchasable","13":"product-type-simple"},"yoast_head":"<!-- This site is optimized with the Yoast SEO plugin v24.6 - https:\/\/yoast.com\/wordpress\/plugins\/seo\/ -->\n<title>6 bouteilles Domaine VITORI ROSE 75cl AOP C\u00f4tes de Provence - Domaine Vit\u00f2ri<\/title>\n<meta name=\"robots\" content=\"index, follow, max-snippet:-1, max-image-preview:large, max-video-preview:-1\" \/>\n<link rel=\"canonical\" href=\"https:\/\/domaine-vitori.com\/en\/product\/6-bouteilles-domaine-vitori-rose-75cl-aop-cotes-de-provence\/\" \/>\n<meta property=\"og:locale\" content=\"en_GB\" \/>\n<meta property=\"og:type\" content=\"article\" \/>\n<meta property=\"og:title\" content=\"6 bouteilles Domaine VITORI ROSE 75cl AOP C\u00f4tes de Provence - Domaine Vit\u00f2ri\" \/>\n<meta property=\"og:description\" content=\"Vendu par carton de 6 bouteilles M\u00e9daille d&#039;or 2022 Concours g\u00e9n\u00e9ral agricole de Paris subtil assemblage cinsault, grenache et syrah Aromes d&#039;agrumes et une belle long\u00e9vit\u00e9 en bouche Livraison en France m\u00e9tropolitaine : Pour une livraison en dehors de cette zone : contactez-nous ! Vous \u00eates professionnels, revendeurs : contactez-nous !    Sold in boxes of 6 bottles  Gold Medal 2022 Paris General Agricultural Competition  Subtle blend of cinsault, grenache and syrah Citrus aromas and a nice longevity in the mouth  Delivery in France only : For other countries : contact us\" \/>\n<meta property=\"og:url\" content=\"https:\/\/domaine-vitori.com\/en\/product\/6-bouteilles-domaine-vitori-rose-75cl-aop-cotes-de-provence\/\" \/>\n<meta property=\"og:site_name\" content=\"Domaine Vit\u00f2ri\" \/>\n<meta property=\"article:publisher\" content=\"https:\/\/www.facebook.com\/people\/Domaine-Vitri\/100057215449055\/\" \/>\n<meta property=\"article:modified_time\" content=\"2026-01-20T10:38:46+00:00\" \/>\n<meta property=\"og:image\" content=\"https:\/\/domaine-vitori.com\/wp-content\/uploads\/2025\/01\/vitori-rose-1024x1024.png\" \/>\n\t<meta property=\"og:image:width\" content=\"1024\" \/>\n\t<meta property=\"og:image:height\" content=\"1024\" \/>\n\t<meta property=\"og:image:type\" content=\"image\/png\" \/>\n<meta name=\"twitter:card\" content=\"summary_large_image\" \/>\n<meta name=\"twitter:label1\" content=\"Estimated reading time\" \/>\n\t<meta name=\"twitter:data1\" content=\"1 minute\" \/>\n<script type=\"application\/ld+json\" class=\"yoast-schema-graph\">{\"@context\":\"https:\/\/schema.org\",\"@graph\":[{\"@type\":\"WebPage\",\"@id\":\"https:\/\/domaine-vitori.com\/product\/6-bouteilles-domaine-vitori-rose-75cl-aop-cotes-de-provence\/\",\"url\":\"https:\/\/domaine-vitori.com\/product\/6-bouteilles-domaine-vitori-rose-75cl-aop-cotes-de-provence\/\",\"name\":\"6 bouteilles Domaine VITORI ROSE 75cl AOP C\u00f4tes de Provence - Domaine Vit\u00f2ri\",\"isPartOf\":{\"@id\":\"https:\/\/domaine-vitori.com\/#website\"},\"primaryImageOfPage\":{\"@id\":\"https:\/\/domaine-vitori.com\/product\/6-bouteilles-domaine-vitori-rose-75cl-aop-cotes-de-provence\/#primaryimage\"},\"image\":{\"@id\":\"https:\/\/domaine-vitori.com\/product\/6-bouteilles-domaine-vitori-rose-75cl-aop-cotes-de-provence\/#primaryimage\"},\"thumbnailUrl\":\"https:\/\/domaine-vitori.com\/wp-content\/uploads\/2025\/01\/vitori-rose.png\",\"datePublished\":\"2025-01-24T14:18:15+00:00\",\"dateModified\":\"2026-01-20T10:38:46+00:00\",\"breadcrumb\":{\"@id\":\"https:\/\/domaine-vitori.com\/product\/6-bouteilles-domaine-vitori-rose-75cl-aop-cotes-de-provence\/#breadcrumb\"},\"inLanguage\":\"en-GB\",\"potentialAction\":[{\"@type\":\"ReadAction\",\"target\":[\"https:\/\/domaine-vitori.com\/product\/6-bouteilles-domaine-vitori-rose-75cl-aop-cotes-de-provence\/\"]}]},{\"@type\":\"ImageObject\",\"inLanguage\":\"en-GB\",\"@id\":\"https:\/\/domaine-vitori.com\/product\/6-bouteilles-domaine-vitori-rose-75cl-aop-cotes-de-provence\/#primaryimage\",\"url\":\"https:\/\/domaine-vitori.com\/wp-content\/uploads\/2025\/01\/vitori-rose.png\",\"contentUrl\":\"https:\/\/domaine-vitori.com\/wp-content\/uploads\/2025\/01\/vitori-rose.png\",\"width\":4096,\"height\":4096},{\"@type\":\"BreadcrumbList\",\"@id\":\"https:\/\/domaine-vitori.com\/product\/6-bouteilles-domaine-vitori-rose-75cl-aop-cotes-de-provence\/#breadcrumb\",\"itemListElement\":[{\"@type\":\"ListItem\",\"position\":1,\"name\":\"Accueil\",\"item\":\"https:\/\/domaine-vitori.com\/\"},{\"@type\":\"ListItem\",\"position\":2,\"name\":\"6 bouteilles Domaine VITORI ROSE 75cl AOP C\u00f4tes de Provence\"}]},{\"@type\":\"WebSite\",\"@id\":\"https:\/\/domaine-vitori.com\/#website\",\"url\":\"https:\/\/domaine-vitori.com\/\",\"name\":\"Domaine Vitori\",\"description\":\"\",\"publisher\":{\"@id\":\"https:\/\/domaine-vitori.com\/#organization\"},\"potentialAction\":[{\"@type\":\"SearchAction\",\"target\":{\"@type\":\"EntryPoint\",\"urlTemplate\":\"https:\/\/domaine-vitori.com\/?s={search_term_string}\"},\"query-input\":{\"@type\":\"PropertyValueSpecification\",\"valueRequired\":true,\"valueName\":\"search_term_string\"}}],\"inLanguage\":\"en-GB\"},{\"@type\":\"Organization\",\"@id\":\"https:\/\/domaine-vitori.com\/#organization\",\"name\":\"Domaine Vitori\",\"url\":\"https:\/\/domaine-vitori.com\/\",\"logo\":{\"@type\":\"ImageObject\",\"inLanguage\":\"en-GB\",\"@id\":\"https:\/\/domaine-vitori.com\/#\/schema\/logo\/image\/\",\"url\":\"https:\/\/domaine-vitori.com\/wp-content\/uploads\/2025\/01\/logo.jpg\",\"contentUrl\":\"https:\/\/domaine-vitori.com\/wp-content\/uploads\/2025\/01\/logo.jpg\",\"width\":1789,\"height\":536,\"caption\":\"Domaine Vitori\"},\"image\":{\"@id\":\"https:\/\/domaine-vitori.com\/#\/schema\/logo\/image\/\"},\"sameAs\":[\"https:\/\/www.facebook.com\/people\/Domaine-Vitri\/100057215449055\/\",\"https:\/\/www.instagram.com\/domaine.vitori\/?hl=fr\"]}]}<\/script>\n<!-- \/ Yoast SEO plugin. -->","yoast_head_json":{"title":"6 bouteilles Domaine VITORI ROSE 75cl AOP C\u00f4tes de Provence - Domaine Vit\u00f2ri","robots":{"index":"index","follow":"follow","max-snippet":"max-snippet:-1","max-image-preview":"max-image-preview:large","max-video-preview":"max-video-preview:-1"},"canonical":"https:\/\/domaine-vitori.com\/en\/product\/6-bouteilles-domaine-vitori-rose-75cl-aop-cotes-de-provence\/","og_locale":"en_GB","og_type":"article","og_title":"6 bouteilles Domaine VITORI ROSE 75cl AOP C\u00f4tes de Provence - Domaine Vit\u00f2ri","og_description":"Vendu par carton de 6 bouteilles M\u00e9daille d'or 2022 Concours g\u00e9n\u00e9ral agricole de Paris subtil assemblage cinsault, grenache et syrah Aromes d'agrumes et une belle long\u00e9vit\u00e9 en bouche Livraison en France m\u00e9tropolitaine : Pour une livraison en dehors de cette zone : contactez-nous ! Vous \u00eates professionnels, revendeurs : contactez-nous !    Sold in boxes of 6 bottles  Gold Medal 2022 Paris General Agricultural Competition  Subtle blend of cinsault, grenache and syrah Citrus aromas and a nice longevity in the mouth  Delivery in France only : For other countries : contact us","og_url":"https:\/\/domaine-vitori.com\/en\/product\/6-bouteilles-domaine-vitori-rose-75cl-aop-cotes-de-provence\/","og_site_name":"Domaine Vit\u00f2ri","article_publisher":"https:\/\/www.facebook.com\/people\/Domaine-Vitri\/100057215449055\/","article_modified_time":"2026-01-20T10:38:46+00:00","og_image":[{"width":1024,"height":1024,"url":"https:\/\/domaine-vitori.com\/wp-content\/uploads\/2025\/01\/vitori-rose-1024x1024.png","type":"image\/png"}],"twitter_card":"summary_large_image","twitter_misc":{"Estimated reading time":"1 minute"},"schema":{"@context":"https:\/\/schema.org","@graph":[{"@type":"WebPage","@id":"https:\/\/domaine-vitori.com\/product\/6-bouteilles-domaine-vitori-rose-75cl-aop-cotes-de-provence\/","url":"https:\/\/domaine-vitori.com\/product\/6-bouteilles-domaine-vitori-rose-75cl-aop-cotes-de-provence\/","name":"6 bouteilles Domaine VITORI ROSE 75cl AOP C\u00f4tes de Provence - Domaine Vit\u00f2ri","isPartOf":{"@id":"https:\/\/domaine-vitori.com\/#website"},"primaryImageOfPage":{"@id":"https:\/\/domaine-vitori.com\/product\/6-bouteilles-domaine-vitori-rose-75cl-aop-cotes-de-provence\/#primaryimage"},"image":{"@id":"https:\/\/domaine-vitori.com\/product\/6-bouteilles-domaine-vitori-rose-75cl-aop-cotes-de-provence\/#primaryimage"},"thumbnailUrl":"https:\/\/domaine-vitori.com\/wp-content\/uploads\/2025\/01\/vitori-rose.png","datePublished":"2025-01-24T14:18:15+00:00","dateModified":"2026-01-20T10:38:46+00:00","breadcrumb":{"@id":"https:\/\/domaine-vitori.com\/product\/6-bouteilles-domaine-vitori-rose-75cl-aop-cotes-de-provence\/#breadcrumb"},"inLanguage":"en-GB","potentialAction":[{"@type":"ReadAction","target":["https:\/\/domaine-vitori.com\/product\/6-bouteilles-domaine-vitori-rose-75cl-aop-cotes-de-provence\/"]}]},{"@type":"ImageObject","inLanguage":"en-GB","@id":"https:\/\/domaine-vitori.com\/product\/6-bouteilles-domaine-vitori-rose-75cl-aop-cotes-de-provence\/#primaryimage","url":"https:\/\/domaine-vitori.com\/wp-content\/uploads\/2025\/01\/vitori-rose.png","contentUrl":"https:\/\/domaine-vitori.com\/wp-content\/uploads\/2025\/01\/vitori-rose.png","width":4096,"height":4096},{"@type":"BreadcrumbList","@id":"https:\/\/domaine-vitori.com\/product\/6-bouteilles-domaine-vitori-rose-75cl-aop-cotes-de-provence\/#breadcrumb","itemListElement":[{"@type":"ListItem","position":1,"name":"Accueil","item":"https:\/\/domaine-vitori.com\/"},{"@type":"ListItem","position":2,"name":"6 bouteilles Domaine VITORI ROSE 75cl AOP C\u00f4tes de Provence"}]},{"@type":"WebSite","@id":"https:\/\/domaine-vitori.com\/#website","url":"https:\/\/domaine-vitori.com\/","name":"Domaine Vitori","description":"","publisher":{"@id":"https:\/\/domaine-vitori.com\/#organization"},"potentialAction":[{"@type":"SearchAction","target":{"@type":"EntryPoint","urlTemplate":"https:\/\/domaine-vitori.com\/?s={search_term_string}"},"query-input":{"@type":"PropertyValueSpecification","valueRequired":true,"valueName":"search_term_string"}}],"inLanguage":"en-GB"},{"@type":"Organization","@id":"https:\/\/domaine-vitori.com\/#organization","name":"Domaine Vitori","url":"https:\/\/domaine-vitori.com\/","logo":{"@type":"ImageObject","inLanguage":"en-GB","@id":"https:\/\/domaine-vitori.com\/#\/schema\/logo\/image\/","url":"https:\/\/domaine-vitori.com\/wp-content\/uploads\/2025\/01\/logo.jpg","contentUrl":"https:\/\/domaine-vitori.com\/wp-content\/uploads\/2025\/01\/logo.jpg","width":1789,"height":536,"caption":"Domaine Vitori"},"image":{"@id":"https:\/\/domaine-vitori.com\/#\/schema\/logo\/image\/"},"sameAs":["https:\/\/www.facebook.com\/people\/Domaine-Vitri\/100057215449055\/","https:\/\/www.instagram.com\/domaine.vitori\/?hl=fr"]}]}},"_links":{"self":[{"href":"https:\/\/domaine-vitori.com\/en\/wp-json\/wp\/v2\/product\/745","targetHints":{"allow":["GET"]}}],"collection":[{"href":"https:\/\/domaine-vitori.com\/en\/wp-json\/wp\/v2\/product"}],"about":[{"href":"https:\/\/domaine-vitori.com\/en\/wp-json\/wp\/v2\/types\/product"}],"wp:featuredmedia":[{"embeddable":true,"href":"https:\/\/domaine-vitori.com\/en\/wp-json\/wp\/v2\/media\/1366"}],"wp:attachment":[{"href":"https:\/\/domaine-vitori.com\/en\/wp-json\/wp\/v2\/media?parent=745"}],"wp:term":[{"taxonomy":"product_brand","embeddable":true,"href":"https:\/\/domaine-vitori.com\/en\/wp-json\/wp\/v2\/product_brand?post=745"},{"taxonomy":"product_cat","embeddable":true,"href":"https:\/\/domaine-vitori.com\/en\/wp-json\/wp\/v2\/product_cat?post=745"},{"taxonomy":"product_tag","embeddable":true,"href":"https:\/\/domaine-vitori.com\/en\/wp-json\/wp\/v2\/product_tag?post=745"}],"curies":[{"name":"wp","href":"https:\/\/api.w.org\/{rel}","templated":true}]}}