{"id":749,"date":"2025-01-24T15:22:51","date_gmt":"2025-01-24T14:22:51","guid":{"rendered":"http:\/\/domaine-vitori.local\/?post_type=product&#038;p=749"},"modified":"2026-03-19T16:07:27","modified_gmt":"2026-03-19T15:07:27","slug":"6-bouteilles-la-ptite-bulle","status":"publish","type":"product","link":"https:\/\/domaine-vitori.com\/en\/product\/6-bouteilles-la-ptite-bulle\/","title":{"rendered":"6 \u2018La P'tite bulle\u2019 bottles"},"content":{"rendered":"<p><strong>Sold in cases of 6 bottles<\/strong><\/p>\n<p><em><strong>2023 Gold Medal at the Lyon Wine Competition<\/strong><\/em><\/p>\n<div class=\"mkdf-content\">\n<div class=\"mkdf-content-inner\">\n<div class=\"mkdf-container mkdf-default-page-template\">\n<div class=\"mkdf-container-inner clearfix\">\n<div class=\"mkdf-grid-row\">\n<div class=\"mkdf-page-content-holder mkdf-grid-col-12\">\n<p>A blend of Muscats Petits Grains and Syrah, matured on laths in bottles using the Proven\u00e7al method. This Brut Ros\u00e9 is perfect for all occasions. It should be drunk well chilled, or even chilled.<\/p>\n<\/div>\n<\/div>\n<\/div>\n<\/div>\n<\/div>\n<\/div>\n<p>Delivery in France only : For other countries : <a href=\"https:\/\/domaine-vitori.com\/en\/contact\/\">contact us<\/a> !<br \/>\nYou are a professional or a retailer: <a href=\"https:\/\/domaine-vitori.com\/en\/contact\/\">contact us<\/a> !<\/p>","protected":false},"excerpt":{"rendered":"<p>Vendu par carton de 6 bouteilles M\u00e9daille d\u2019or 2023 au Concours des vins de Lyon Assemblage Muscats Petits Grains et Syrah, Prise de mousse sur lattes en Bouteilles en m\u00e9thode Proven\u00e7ale. Ce Brut Ros\u00e9 est fait pour toutes les occasions. Il se boit bien frais, voire frapp\u00e9. Livraison en France m\u00e9tropolitaine : Pour une livraison &hellip; <a href=\"https:\/\/domaine-vitori.com\/en\/product\/6-bouteilles-la-ptite-bulle\/\">Continued<\/a><\/p>","protected":false},"featured_media":1360,"template":"","meta":[],"product_brand":[],"product_cat":[50],"product_tag":[],"class_list":{"0":"post-749","1":"product","2":"type-product","3":"status-publish","4":"has-post-thumbnail","6":"product_cat-rose-fr","8":"first","9":"instock","10":"shipping-taxable","11":"purchasable","12":"product-type-simple"},"yoast_head":"<!-- This site is optimized with the Yoast SEO plugin v24.6 - https:\/\/yoast.com\/wordpress\/plugins\/seo\/ -->\n<title>6 bouteilles &quot;La P&#039;tite bulle&quot; - Domaine Vit\u00f2ri<\/title>\n<meta name=\"robots\" content=\"index, follow, max-snippet:-1, max-image-preview:large, max-video-preview:-1\" \/>\n<link rel=\"canonical\" href=\"https:\/\/domaine-vitori.com\/en\/product\/6-bouteilles-la-ptite-bulle\/\" \/>\n<meta property=\"og:locale\" content=\"en_GB\" \/>\n<meta property=\"og:type\" content=\"article\" \/>\n<meta property=\"og:title\" content=\"6 bouteilles &quot;La P&#039;tite bulle&quot; - Domaine Vit\u00f2ri\" \/>\n<meta property=\"og:description\" content=\"Vendu par carton de 6 bouteilles M\u00e9daille d\u2019or 2023 au Concours des vins de Lyon Assemblage Muscats Petits Grains et Syrah, Prise de mousse sur lattes en Bouteilles en m\u00e9thode Proven\u00e7ale. Ce Brut Ros\u00e9 est fait pour toutes les occasions. Il se boit bien frais, voire frapp\u00e9. Livraison en France m\u00e9tropolitaine : Pour une livraison &hellip; Continued\" \/>\n<meta property=\"og:url\" content=\"https:\/\/domaine-vitori.com\/en\/product\/6-bouteilles-la-ptite-bulle\/\" \/>\n<meta property=\"og:site_name\" content=\"Domaine Vit\u00f2ri\" \/>\n<meta property=\"article:publisher\" content=\"https:\/\/www.facebook.com\/people\/Domaine-Vitri\/100057215449055\/\" \/>\n<meta property=\"article:modified_time\" content=\"2026-03-19T15:07:27+00:00\" \/>\n<meta property=\"og:image\" content=\"https:\/\/domaine-vitori.com\/wp-content\/uploads\/2025\/01\/la-petite-bulle-1024x1024.png\" \/>\n\t<meta property=\"og:image:width\" content=\"1024\" \/>\n\t<meta property=\"og:image:height\" content=\"1024\" \/>\n\t<meta property=\"og:image:type\" content=\"image\/png\" \/>\n<meta name=\"twitter:card\" content=\"summary_large_image\" \/>\n<meta name=\"twitter:label1\" content=\"Estimated reading time\" \/>\n\t<meta name=\"twitter:data1\" content=\"1 minute\" \/>\n<script type=\"application\/ld+json\" class=\"yoast-schema-graph\">{\"@context\":\"https:\/\/schema.org\",\"@graph\":[{\"@type\":\"WebPage\",\"@id\":\"https:\/\/domaine-vitori.com\/product\/6-bouteilles-la-ptite-bulle\/\",\"url\":\"https:\/\/domaine-vitori.com\/product\/6-bouteilles-la-ptite-bulle\/\",\"name\":\"6 bouteilles \\\"La P'tite bulle\\\" - Domaine Vit\u00f2ri\",\"isPartOf\":{\"@id\":\"https:\/\/domaine-vitori.com\/#website\"},\"primaryImageOfPage\":{\"@id\":\"https:\/\/domaine-vitori.com\/product\/6-bouteilles-la-ptite-bulle\/#primaryimage\"},\"image\":{\"@id\":\"https:\/\/domaine-vitori.com\/product\/6-bouteilles-la-ptite-bulle\/#primaryimage\"},\"thumbnailUrl\":\"https:\/\/domaine-vitori.com\/wp-content\/uploads\/2025\/01\/la-petite-bulle.png\",\"datePublished\":\"2025-01-24T14:22:51+00:00\",\"dateModified\":\"2026-03-19T15:07:27+00:00\",\"breadcrumb\":{\"@id\":\"https:\/\/domaine-vitori.com\/product\/6-bouteilles-la-ptite-bulle\/#breadcrumb\"},\"inLanguage\":\"en-GB\",\"potentialAction\":[{\"@type\":\"ReadAction\",\"target\":[\"https:\/\/domaine-vitori.com\/product\/6-bouteilles-la-ptite-bulle\/\"]}]},{\"@type\":\"ImageObject\",\"inLanguage\":\"en-GB\",\"@id\":\"https:\/\/domaine-vitori.com\/product\/6-bouteilles-la-ptite-bulle\/#primaryimage\",\"url\":\"https:\/\/domaine-vitori.com\/wp-content\/uploads\/2025\/01\/la-petite-bulle.png\",\"contentUrl\":\"https:\/\/domaine-vitori.com\/wp-content\/uploads\/2025\/01\/la-petite-bulle.png\",\"width\":4096,\"height\":4096},{\"@type\":\"BreadcrumbList\",\"@id\":\"https:\/\/domaine-vitori.com\/product\/6-bouteilles-la-ptite-bulle\/#breadcrumb\",\"itemListElement\":[{\"@type\":\"ListItem\",\"position\":1,\"name\":\"Accueil\",\"item\":\"https:\/\/domaine-vitori.com\/\"},{\"@type\":\"ListItem\",\"position\":2,\"name\":\"6 bouteilles \u00ab\u00a0La P&rsquo;tite bulle\u00a0\u00bb\"}]},{\"@type\":\"WebSite\",\"@id\":\"https:\/\/domaine-vitori.com\/#website\",\"url\":\"https:\/\/domaine-vitori.com\/\",\"name\":\"Domaine Vitori\",\"description\":\"\",\"publisher\":{\"@id\":\"https:\/\/domaine-vitori.com\/#organization\"},\"potentialAction\":[{\"@type\":\"SearchAction\",\"target\":{\"@type\":\"EntryPoint\",\"urlTemplate\":\"https:\/\/domaine-vitori.com\/?s={search_term_string}\"},\"query-input\":{\"@type\":\"PropertyValueSpecification\",\"valueRequired\":true,\"valueName\":\"search_term_string\"}}],\"inLanguage\":\"en-GB\"},{\"@type\":\"Organization\",\"@id\":\"https:\/\/domaine-vitori.com\/#organization\",\"name\":\"Domaine Vitori\",\"url\":\"https:\/\/domaine-vitori.com\/\",\"logo\":{\"@type\":\"ImageObject\",\"inLanguage\":\"en-GB\",\"@id\":\"https:\/\/domaine-vitori.com\/#\/schema\/logo\/image\/\",\"url\":\"https:\/\/domaine-vitori.com\/wp-content\/uploads\/2025\/01\/logo.jpg\",\"contentUrl\":\"https:\/\/domaine-vitori.com\/wp-content\/uploads\/2025\/01\/logo.jpg\",\"width\":1789,\"height\":536,\"caption\":\"Domaine Vitori\"},\"image\":{\"@id\":\"https:\/\/domaine-vitori.com\/#\/schema\/logo\/image\/\"},\"sameAs\":[\"https:\/\/www.facebook.com\/people\/Domaine-Vitri\/100057215449055\/\",\"https:\/\/www.instagram.com\/domaine.vitori\/?hl=fr\"]}]}<\/script>\n<!-- \/ Yoast SEO plugin. -->","yoast_head_json":{"title":"6 bouteilles \"La P'tite bulle\" - Domaine Vit\u00f2ri","robots":{"index":"index","follow":"follow","max-snippet":"max-snippet:-1","max-image-preview":"max-image-preview:large","max-video-preview":"max-video-preview:-1"},"canonical":"https:\/\/domaine-vitori.com\/en\/product\/6-bouteilles-la-ptite-bulle\/","og_locale":"en_GB","og_type":"article","og_title":"6 bouteilles \"La P'tite bulle\" - Domaine Vit\u00f2ri","og_description":"Vendu par carton de 6 bouteilles M\u00e9daille d\u2019or 2023 au Concours des vins de Lyon Assemblage Muscats Petits Grains et Syrah, Prise de mousse sur lattes en Bouteilles en m\u00e9thode Proven\u00e7ale. Ce Brut Ros\u00e9 est fait pour toutes les occasions. Il se boit bien frais, voire frapp\u00e9. Livraison en France m\u00e9tropolitaine : Pour une livraison &hellip; Continued","og_url":"https:\/\/domaine-vitori.com\/en\/product\/6-bouteilles-la-ptite-bulle\/","og_site_name":"Domaine Vit\u00f2ri","article_publisher":"https:\/\/www.facebook.com\/people\/Domaine-Vitri\/100057215449055\/","article_modified_time":"2026-03-19T15:07:27+00:00","og_image":[{"width":1024,"height":1024,"url":"https:\/\/domaine-vitori.com\/wp-content\/uploads\/2025\/01\/la-petite-bulle-1024x1024.png","type":"image\/png"}],"twitter_card":"summary_large_image","twitter_misc":{"Estimated reading time":"1 minute"},"schema":{"@context":"https:\/\/schema.org","@graph":[{"@type":"WebPage","@id":"https:\/\/domaine-vitori.com\/product\/6-bouteilles-la-ptite-bulle\/","url":"https:\/\/domaine-vitori.com\/product\/6-bouteilles-la-ptite-bulle\/","name":"6 bouteilles \"La P'tite bulle\" - Domaine Vit\u00f2ri","isPartOf":{"@id":"https:\/\/domaine-vitori.com\/#website"},"primaryImageOfPage":{"@id":"https:\/\/domaine-vitori.com\/product\/6-bouteilles-la-ptite-bulle\/#primaryimage"},"image":{"@id":"https:\/\/domaine-vitori.com\/product\/6-bouteilles-la-ptite-bulle\/#primaryimage"},"thumbnailUrl":"https:\/\/domaine-vitori.com\/wp-content\/uploads\/2025\/01\/la-petite-bulle.png","datePublished":"2025-01-24T14:22:51+00:00","dateModified":"2026-03-19T15:07:27+00:00","breadcrumb":{"@id":"https:\/\/domaine-vitori.com\/product\/6-bouteilles-la-ptite-bulle\/#breadcrumb"},"inLanguage":"en-GB","potentialAction":[{"@type":"ReadAction","target":["https:\/\/domaine-vitori.com\/product\/6-bouteilles-la-ptite-bulle\/"]}]},{"@type":"ImageObject","inLanguage":"en-GB","@id":"https:\/\/domaine-vitori.com\/product\/6-bouteilles-la-ptite-bulle\/#primaryimage","url":"https:\/\/domaine-vitori.com\/wp-content\/uploads\/2025\/01\/la-petite-bulle.png","contentUrl":"https:\/\/domaine-vitori.com\/wp-content\/uploads\/2025\/01\/la-petite-bulle.png","width":4096,"height":4096},{"@type":"BreadcrumbList","@id":"https:\/\/domaine-vitori.com\/product\/6-bouteilles-la-ptite-bulle\/#breadcrumb","itemListElement":[{"@type":"ListItem","position":1,"name":"Accueil","item":"https:\/\/domaine-vitori.com\/"},{"@type":"ListItem","position":2,"name":"6 bouteilles \u00ab\u00a0La P&rsquo;tite bulle\u00a0\u00bb"}]},{"@type":"WebSite","@id":"https:\/\/domaine-vitori.com\/#website","url":"https:\/\/domaine-vitori.com\/","name":"Domaine Vitori","description":"","publisher":{"@id":"https:\/\/domaine-vitori.com\/#organization"},"potentialAction":[{"@type":"SearchAction","target":{"@type":"EntryPoint","urlTemplate":"https:\/\/domaine-vitori.com\/?s={search_term_string}"},"query-input":{"@type":"PropertyValueSpecification","valueRequired":true,"valueName":"search_term_string"}}],"inLanguage":"en-GB"},{"@type":"Organization","@id":"https:\/\/domaine-vitori.com\/#organization","name":"Domaine Vitori","url":"https:\/\/domaine-vitori.com\/","logo":{"@type":"ImageObject","inLanguage":"en-GB","@id":"https:\/\/domaine-vitori.com\/#\/schema\/logo\/image\/","url":"https:\/\/domaine-vitori.com\/wp-content\/uploads\/2025\/01\/logo.jpg","contentUrl":"https:\/\/domaine-vitori.com\/wp-content\/uploads\/2025\/01\/logo.jpg","width":1789,"height":536,"caption":"Domaine Vitori"},"image":{"@id":"https:\/\/domaine-vitori.com\/#\/schema\/logo\/image\/"},"sameAs":["https:\/\/www.facebook.com\/people\/Domaine-Vitri\/100057215449055\/","https:\/\/www.instagram.com\/domaine.vitori\/?hl=fr"]}]}},"_links":{"self":[{"href":"https:\/\/domaine-vitori.com\/en\/wp-json\/wp\/v2\/product\/749","targetHints":{"allow":["GET"]}}],"collection":[{"href":"https:\/\/domaine-vitori.com\/en\/wp-json\/wp\/v2\/product"}],"about":[{"href":"https:\/\/domaine-vitori.com\/en\/wp-json\/wp\/v2\/types\/product"}],"wp:featuredmedia":[{"embeddable":true,"href":"https:\/\/domaine-vitori.com\/en\/wp-json\/wp\/v2\/media\/1360"}],"wp:attachment":[{"href":"https:\/\/domaine-vitori.com\/en\/wp-json\/wp\/v2\/media?parent=749"}],"wp:term":[{"taxonomy":"product_brand","embeddable":true,"href":"https:\/\/domaine-vitori.com\/en\/wp-json\/wp\/v2\/product_brand?post=749"},{"taxonomy":"product_cat","embeddable":true,"href":"https:\/\/domaine-vitori.com\/en\/wp-json\/wp\/v2\/product_cat?post=749"},{"taxonomy":"product_tag","embeddable":true,"href":"https:\/\/domaine-vitori.com\/en\/wp-json\/wp\/v2\/product_tag?post=749"}],"curies":[{"name":"wp","href":"https:\/\/api.w.org\/{rel}","templated":true}]}}