{"id":806,"date":"2025-01-27T14:00:45","date_gmt":"2025-01-27T13:00:45","guid":{"rendered":"http:\/\/domaine-vitori.local\/?post_type=product&#038;p=806"},"modified":"2026-01-20T11:36:33","modified_gmt":"2026-01-20T10:36:33","slug":"6-bouteilles-petit-boucan-blanc-75cl-igp-mediterranee","status":"publish","type":"product","link":"https:\/\/domaine-vitori.com\/en\/product\/6-bouteilles-petit-boucan-blanc-75cl-igp-mediterranee\/","title":{"rendered":"6 bottles PETIT BOUCAN BLANC 75cl IGP M\u00e9diterran\u00e9e"},"content":{"rendered":"<div data-pm-slice=\"1 1 []\" data-en-clipboard=\"true\"><b>Sold in cases of 6 bottles <\/b><\/div>\n<div>\n<p>100% Rolle plot selection, 6-hour skin contact maceration in the cold press followed by cold settling before alcoholic fermentation. A floral nose and a lovely, fresh, aromatic palate.<\/p>\n<\/div>\n<div>Delivery in France only : For other countries : <a href=\"http:\/\/domaine-vitori.local\/contact\/\">contact us<\/a> !<\/div>\n<div>You are a professional or a retailer: <a href=\"http:\/\/domaine-vitori.local\/contact\/\">contact us <\/a>!<\/div>","protected":false},"excerpt":{"rendered":"<p>Vendu par carton de 6 bouteilles S\u00e9lection Parcellaire 100% Rolle, Mac\u00e9ration Pelliculaire de 6h dans le pressoir au froid suivi d\u2019une stabulation \u00e0 froid avant fermentation alcoolique. Un nez floral ainsi qu\u2019une belle bouche aromatique et une belle fraicheur. Livraison en France m\u00e9tropolitaine : Pour une livraison en dehors de cette zone : contactez-nous ! &hellip; <a href=\"https:\/\/domaine-vitori.com\/en\/product\/6-bouteilles-petit-boucan-blanc-75cl-igp-mediterranee\/\">Continued<\/a><\/p>","protected":false},"featured_media":1361,"template":"","meta":[],"product_brand":[],"product_cat":[48],"product_tag":[],"class_list":{"0":"post-806","1":"product","2":"type-product","3":"status-publish","4":"has-post-thumbnail","6":"product_cat-blanc-fr","8":"first","9":"instock","10":"shipping-taxable","11":"purchasable","12":"product-type-simple"},"yoast_head":"<!-- This site is optimized with the Yoast SEO plugin v24.6 - https:\/\/yoast.com\/wordpress\/plugins\/seo\/ -->\n<title>6 bouteilles PETIT BOUCAN BLANC 75cl IGP M\u00e9diterran\u00e9e - Domaine Vit\u00f2ri<\/title>\n<meta name=\"robots\" content=\"index, follow, max-snippet:-1, max-image-preview:large, max-video-preview:-1\" \/>\n<link rel=\"canonical\" href=\"https:\/\/domaine-vitori.com\/en\/product\/6-bouteilles-petit-boucan-blanc-75cl-igp-mediterranee\/\" \/>\n<meta property=\"og:locale\" content=\"en_GB\" \/>\n<meta property=\"og:type\" content=\"article\" \/>\n<meta property=\"og:title\" content=\"6 bouteilles PETIT BOUCAN BLANC 75cl IGP M\u00e9diterran\u00e9e - Domaine Vit\u00f2ri\" \/>\n<meta property=\"og:description\" content=\"Vendu par carton de 6 bouteilles S\u00e9lection Parcellaire 100% Rolle, Mac\u00e9ration Pelliculaire de 6h dans le pressoir au froid suivi d\u2019une stabulation \u00e0 froid avant fermentation alcoolique. Un nez floral ainsi qu\u2019une belle bouche aromatique et une belle fraicheur. Livraison en France m\u00e9tropolitaine : Pour une livraison en dehors de cette zone : contactez-nous ! &hellip; Continued\" \/>\n<meta property=\"og:url\" content=\"https:\/\/domaine-vitori.com\/en\/product\/6-bouteilles-petit-boucan-blanc-75cl-igp-mediterranee\/\" \/>\n<meta property=\"og:site_name\" content=\"Domaine Vit\u00f2ri\" \/>\n<meta property=\"article:publisher\" content=\"https:\/\/www.facebook.com\/people\/Domaine-Vitri\/100057215449055\/\" \/>\n<meta property=\"article:modified_time\" content=\"2026-01-20T10:36:33+00:00\" \/>\n<meta property=\"og:image\" content=\"https:\/\/domaine-vitori.com\/wp-content\/uploads\/2025\/01\/petit-boucan-blanc-1024x1024.png\" \/>\n\t<meta property=\"og:image:width\" content=\"1024\" \/>\n\t<meta property=\"og:image:height\" content=\"1024\" \/>\n\t<meta property=\"og:image:type\" content=\"image\/png\" \/>\n<meta name=\"twitter:card\" content=\"summary_large_image\" \/>\n<meta name=\"twitter:label1\" content=\"Estimated reading time\" \/>\n\t<meta name=\"twitter:data1\" content=\"1 minute\" \/>\n<script type=\"application\/ld+json\" class=\"yoast-schema-graph\">{\"@context\":\"https:\/\/schema.org\",\"@graph\":[{\"@type\":\"WebPage\",\"@id\":\"https:\/\/domaine-vitori.com\/product\/6-bouteilles-petit-boucan-blanc-75cl-igp-mediterranee\/\",\"url\":\"https:\/\/domaine-vitori.com\/product\/6-bouteilles-petit-boucan-blanc-75cl-igp-mediterranee\/\",\"name\":\"6 bouteilles PETIT BOUCAN BLANC 75cl IGP M\u00e9diterran\u00e9e - Domaine Vit\u00f2ri\",\"isPartOf\":{\"@id\":\"https:\/\/domaine-vitori.com\/#website\"},\"primaryImageOfPage\":{\"@id\":\"https:\/\/domaine-vitori.com\/product\/6-bouteilles-petit-boucan-blanc-75cl-igp-mediterranee\/#primaryimage\"},\"image\":{\"@id\":\"https:\/\/domaine-vitori.com\/product\/6-bouteilles-petit-boucan-blanc-75cl-igp-mediterranee\/#primaryimage\"},\"thumbnailUrl\":\"https:\/\/domaine-vitori.com\/wp-content\/uploads\/2025\/01\/petit-boucan-blanc.png\",\"datePublished\":\"2025-01-27T13:00:45+00:00\",\"dateModified\":\"2026-01-20T10:36:33+00:00\",\"breadcrumb\":{\"@id\":\"https:\/\/domaine-vitori.com\/product\/6-bouteilles-petit-boucan-blanc-75cl-igp-mediterranee\/#breadcrumb\"},\"inLanguage\":\"en-GB\",\"potentialAction\":[{\"@type\":\"ReadAction\",\"target\":[\"https:\/\/domaine-vitori.com\/product\/6-bouteilles-petit-boucan-blanc-75cl-igp-mediterranee\/\"]}]},{\"@type\":\"ImageObject\",\"inLanguage\":\"en-GB\",\"@id\":\"https:\/\/domaine-vitori.com\/product\/6-bouteilles-petit-boucan-blanc-75cl-igp-mediterranee\/#primaryimage\",\"url\":\"https:\/\/domaine-vitori.com\/wp-content\/uploads\/2025\/01\/petit-boucan-blanc.png\",\"contentUrl\":\"https:\/\/domaine-vitori.com\/wp-content\/uploads\/2025\/01\/petit-boucan-blanc.png\",\"width\":4096,\"height\":4096},{\"@type\":\"BreadcrumbList\",\"@id\":\"https:\/\/domaine-vitori.com\/product\/6-bouteilles-petit-boucan-blanc-75cl-igp-mediterranee\/#breadcrumb\",\"itemListElement\":[{\"@type\":\"ListItem\",\"position\":1,\"name\":\"Accueil\",\"item\":\"https:\/\/domaine-vitori.com\/\"},{\"@type\":\"ListItem\",\"position\":2,\"name\":\"6 bouteilles PETIT BOUCAN BLANC 75cl IGP M\u00e9diterran\u00e9e\"}]},{\"@type\":\"WebSite\",\"@id\":\"https:\/\/domaine-vitori.com\/#website\",\"url\":\"https:\/\/domaine-vitori.com\/\",\"name\":\"Domaine Vitori\",\"description\":\"\",\"publisher\":{\"@id\":\"https:\/\/domaine-vitori.com\/#organization\"},\"potentialAction\":[{\"@type\":\"SearchAction\",\"target\":{\"@type\":\"EntryPoint\",\"urlTemplate\":\"https:\/\/domaine-vitori.com\/?s={search_term_string}\"},\"query-input\":{\"@type\":\"PropertyValueSpecification\",\"valueRequired\":true,\"valueName\":\"search_term_string\"}}],\"inLanguage\":\"en-GB\"},{\"@type\":\"Organization\",\"@id\":\"https:\/\/domaine-vitori.com\/#organization\",\"name\":\"Domaine Vitori\",\"url\":\"https:\/\/domaine-vitori.com\/\",\"logo\":{\"@type\":\"ImageObject\",\"inLanguage\":\"en-GB\",\"@id\":\"https:\/\/domaine-vitori.com\/#\/schema\/logo\/image\/\",\"url\":\"https:\/\/domaine-vitori.com\/wp-content\/uploads\/2025\/01\/logo.jpg\",\"contentUrl\":\"https:\/\/domaine-vitori.com\/wp-content\/uploads\/2025\/01\/logo.jpg\",\"width\":1789,\"height\":536,\"caption\":\"Domaine Vitori\"},\"image\":{\"@id\":\"https:\/\/domaine-vitori.com\/#\/schema\/logo\/image\/\"},\"sameAs\":[\"https:\/\/www.facebook.com\/people\/Domaine-Vitri\/100057215449055\/\",\"https:\/\/www.instagram.com\/domaine.vitori\/?hl=fr\"]}]}<\/script>\n<!-- \/ Yoast SEO plugin. -->","yoast_head_json":{"title":"6 bouteilles PETIT BOUCAN BLANC 75cl IGP M\u00e9diterran\u00e9e - Domaine Vit\u00f2ri","robots":{"index":"index","follow":"follow","max-snippet":"max-snippet:-1","max-image-preview":"max-image-preview:large","max-video-preview":"max-video-preview:-1"},"canonical":"https:\/\/domaine-vitori.com\/en\/product\/6-bouteilles-petit-boucan-blanc-75cl-igp-mediterranee\/","og_locale":"en_GB","og_type":"article","og_title":"6 bouteilles PETIT BOUCAN BLANC 75cl IGP M\u00e9diterran\u00e9e - Domaine Vit\u00f2ri","og_description":"Vendu par carton de 6 bouteilles S\u00e9lection Parcellaire 100% Rolle, Mac\u00e9ration Pelliculaire de 6h dans le pressoir au froid suivi d\u2019une stabulation \u00e0 froid avant fermentation alcoolique. Un nez floral ainsi qu\u2019une belle bouche aromatique et une belle fraicheur. Livraison en France m\u00e9tropolitaine : Pour une livraison en dehors de cette zone : contactez-nous ! &hellip; Continued","og_url":"https:\/\/domaine-vitori.com\/en\/product\/6-bouteilles-petit-boucan-blanc-75cl-igp-mediterranee\/","og_site_name":"Domaine Vit\u00f2ri","article_publisher":"https:\/\/www.facebook.com\/people\/Domaine-Vitri\/100057215449055\/","article_modified_time":"2026-01-20T10:36:33+00:00","og_image":[{"width":1024,"height":1024,"url":"https:\/\/domaine-vitori.com\/wp-content\/uploads\/2025\/01\/petit-boucan-blanc-1024x1024.png","type":"image\/png"}],"twitter_card":"summary_large_image","twitter_misc":{"Estimated reading time":"1 minute"},"schema":{"@context":"https:\/\/schema.org","@graph":[{"@type":"WebPage","@id":"https:\/\/domaine-vitori.com\/product\/6-bouteilles-petit-boucan-blanc-75cl-igp-mediterranee\/","url":"https:\/\/domaine-vitori.com\/product\/6-bouteilles-petit-boucan-blanc-75cl-igp-mediterranee\/","name":"6 bouteilles PETIT BOUCAN BLANC 75cl IGP M\u00e9diterran\u00e9e - Domaine Vit\u00f2ri","isPartOf":{"@id":"https:\/\/domaine-vitori.com\/#website"},"primaryImageOfPage":{"@id":"https:\/\/domaine-vitori.com\/product\/6-bouteilles-petit-boucan-blanc-75cl-igp-mediterranee\/#primaryimage"},"image":{"@id":"https:\/\/domaine-vitori.com\/product\/6-bouteilles-petit-boucan-blanc-75cl-igp-mediterranee\/#primaryimage"},"thumbnailUrl":"https:\/\/domaine-vitori.com\/wp-content\/uploads\/2025\/01\/petit-boucan-blanc.png","datePublished":"2025-01-27T13:00:45+00:00","dateModified":"2026-01-20T10:36:33+00:00","breadcrumb":{"@id":"https:\/\/domaine-vitori.com\/product\/6-bouteilles-petit-boucan-blanc-75cl-igp-mediterranee\/#breadcrumb"},"inLanguage":"en-GB","potentialAction":[{"@type":"ReadAction","target":["https:\/\/domaine-vitori.com\/product\/6-bouteilles-petit-boucan-blanc-75cl-igp-mediterranee\/"]}]},{"@type":"ImageObject","inLanguage":"en-GB","@id":"https:\/\/domaine-vitori.com\/product\/6-bouteilles-petit-boucan-blanc-75cl-igp-mediterranee\/#primaryimage","url":"https:\/\/domaine-vitori.com\/wp-content\/uploads\/2025\/01\/petit-boucan-blanc.png","contentUrl":"https:\/\/domaine-vitori.com\/wp-content\/uploads\/2025\/01\/petit-boucan-blanc.png","width":4096,"height":4096},{"@type":"BreadcrumbList","@id":"https:\/\/domaine-vitori.com\/product\/6-bouteilles-petit-boucan-blanc-75cl-igp-mediterranee\/#breadcrumb","itemListElement":[{"@type":"ListItem","position":1,"name":"Accueil","item":"https:\/\/domaine-vitori.com\/"},{"@type":"ListItem","position":2,"name":"6 bouteilles PETIT BOUCAN BLANC 75cl IGP M\u00e9diterran\u00e9e"}]},{"@type":"WebSite","@id":"https:\/\/domaine-vitori.com\/#website","url":"https:\/\/domaine-vitori.com\/","name":"Domaine Vitori","description":"","publisher":{"@id":"https:\/\/domaine-vitori.com\/#organization"},"potentialAction":[{"@type":"SearchAction","target":{"@type":"EntryPoint","urlTemplate":"https:\/\/domaine-vitori.com\/?s={search_term_string}"},"query-input":{"@type":"PropertyValueSpecification","valueRequired":true,"valueName":"search_term_string"}}],"inLanguage":"en-GB"},{"@type":"Organization","@id":"https:\/\/domaine-vitori.com\/#organization","name":"Domaine Vitori","url":"https:\/\/domaine-vitori.com\/","logo":{"@type":"ImageObject","inLanguage":"en-GB","@id":"https:\/\/domaine-vitori.com\/#\/schema\/logo\/image\/","url":"https:\/\/domaine-vitori.com\/wp-content\/uploads\/2025\/01\/logo.jpg","contentUrl":"https:\/\/domaine-vitori.com\/wp-content\/uploads\/2025\/01\/logo.jpg","width":1789,"height":536,"caption":"Domaine Vitori"},"image":{"@id":"https:\/\/domaine-vitori.com\/#\/schema\/logo\/image\/"},"sameAs":["https:\/\/www.facebook.com\/people\/Domaine-Vitri\/100057215449055\/","https:\/\/www.instagram.com\/domaine.vitori\/?hl=fr"]}]}},"_links":{"self":[{"href":"https:\/\/domaine-vitori.com\/en\/wp-json\/wp\/v2\/product\/806","targetHints":{"allow":["GET"]}}],"collection":[{"href":"https:\/\/domaine-vitori.com\/en\/wp-json\/wp\/v2\/product"}],"about":[{"href":"https:\/\/domaine-vitori.com\/en\/wp-json\/wp\/v2\/types\/product"}],"wp:featuredmedia":[{"embeddable":true,"href":"https:\/\/domaine-vitori.com\/en\/wp-json\/wp\/v2\/media\/1361"}],"wp:attachment":[{"href":"https:\/\/domaine-vitori.com\/en\/wp-json\/wp\/v2\/media?parent=806"}],"wp:term":[{"taxonomy":"product_brand","embeddable":true,"href":"https:\/\/domaine-vitori.com\/en\/wp-json\/wp\/v2\/product_brand?post=806"},{"taxonomy":"product_cat","embeddable":true,"href":"https:\/\/domaine-vitori.com\/en\/wp-json\/wp\/v2\/product_cat?post=806"},{"taxonomy":"product_tag","embeddable":true,"href":"https:\/\/domaine-vitori.com\/en\/wp-json\/wp\/v2\/product_tag?post=806"}],"curies":[{"name":"wp","href":"https:\/\/api.w.org\/{rel}","templated":true}]}}