{"id":824,"date":"2025-01-27T16:03:49","date_gmt":"2025-01-27T15:03:49","guid":{"rendered":"http:\/\/domaine-vitori.local\/?post_type=product&#038;p=824"},"modified":"2026-01-20T11:35:32","modified_gmt":"2026-01-20T10:35:32","slug":"6-bouteilles-petit-boucan-rose-75cl-igp-var","status":"publish","type":"product","link":"https:\/\/domaine-vitori.com\/en\/product\/6-bouteilles-petit-boucan-rose-75cl-igp-var\/","title":{"rendered":"6 bottles PETIT BOUCAN ROSE 75cl IGP Var"},"content":{"rendered":"<p><strong>Sold in cases of 6 bottles<\/strong><\/p>\n<div data-pm-slice=\"1 1 []\" data-en-clipboard=\"true\">\n<p class=\"mkdf-single-product-title\"><em><strong>Bronze medal 2022 and silver medal 2023 at the M\u00e2con Wine Competition<\/strong><\/em><\/p>\n<p><em><strong>2023 Gold medal at the Concours G\u00e9n\u00e9ral Agricole de Paris<\/strong><\/em><\/p>\n<p class=\"mkdf-single-product-title\">Parcellaire selection and vinification by grape variety, Direct pressing, Blend of 80% Caladoc and 20% Cinsault, Cold stabilisation before alcoholic fermentation, A fresh and fruity ros\u00e9 wine. Ideal for aperitifs and starters.<\/p>\n<\/div>\n<p>Delivery in France only : For other countries : <a href=\"http:\/\/domaine-vitori.local\/contact\/\">contact us<\/a> !<br \/>\nYou are a professional or a retailer: <a href=\"http:\/\/domaine-vitori.local\/contact\/\">contact us<\/a> !<\/p>","protected":false},"excerpt":{"rendered":"<p>Vendu par carton de 6 bouteilles M\u00e9daille de bronze 2022 et d\u2019argent 2023 au Concours des vins de M\u00e2con M\u00e9daille d\u2019or 2023 au Concours G\u00e9n\u00e9ral Agricole de Paris S\u00e9lection Parcellaire et vinification par c\u00e9page, Pressurage direct, Assemblage 80% Caladoc et 20% Cinsault, Stabulation \u00e0 froid avant fermentation alcoolique, Un Vin ros\u00e9 frais et Fruit\u00e9. Id\u00e9al &hellip; <a href=\"https:\/\/domaine-vitori.com\/en\/product\/6-bouteilles-petit-boucan-rose-75cl-igp-var\/\">Continued<\/a><\/p>","protected":false},"featured_media":1363,"template":"","meta":[],"product_brand":[],"product_cat":[50],"product_tag":[],"class_list":{"0":"post-824","1":"product","2":"type-product","3":"status-publish","4":"has-post-thumbnail","6":"product_cat-rose-fr","8":"first","9":"instock","10":"shipping-taxable","11":"purchasable","12":"product-type-simple"},"yoast_head":"<!-- This site is optimized with the Yoast SEO plugin v24.6 - https:\/\/yoast.com\/wordpress\/plugins\/seo\/ -->\n<title>6 bouteilles PETIT BOUCAN ROSE 75cl IGP Var - Domaine Vit\u00f2ri<\/title>\n<meta name=\"robots\" content=\"index, follow, max-snippet:-1, max-image-preview:large, max-video-preview:-1\" \/>\n<link rel=\"canonical\" href=\"https:\/\/domaine-vitori.com\/en\/product\/6-bouteilles-petit-boucan-rose-75cl-igp-var\/\" \/>\n<meta property=\"og:locale\" content=\"en_GB\" \/>\n<meta property=\"og:type\" content=\"article\" \/>\n<meta property=\"og:title\" content=\"6 bouteilles PETIT BOUCAN ROSE 75cl IGP Var - Domaine Vit\u00f2ri\" \/>\n<meta property=\"og:description\" content=\"Vendu par carton de 6 bouteilles M\u00e9daille de bronze 2022 et d\u2019argent 2023 au Concours des vins de M\u00e2con M\u00e9daille d\u2019or 2023 au Concours G\u00e9n\u00e9ral Agricole de Paris S\u00e9lection Parcellaire et vinification par c\u00e9page, Pressurage direct, Assemblage 80% Caladoc et 20% Cinsault, Stabulation \u00e0 froid avant fermentation alcoolique, Un Vin ros\u00e9 frais et Fruit\u00e9. Id\u00e9al &hellip; Continued\" \/>\n<meta property=\"og:url\" content=\"https:\/\/domaine-vitori.com\/en\/product\/6-bouteilles-petit-boucan-rose-75cl-igp-var\/\" \/>\n<meta property=\"og:site_name\" content=\"Domaine Vit\u00f2ri\" \/>\n<meta property=\"article:publisher\" content=\"https:\/\/www.facebook.com\/people\/Domaine-Vitri\/100057215449055\/\" \/>\n<meta property=\"article:modified_time\" content=\"2026-01-20T10:35:32+00:00\" \/>\n<meta property=\"og:image\" content=\"https:\/\/domaine-vitori.com\/wp-content\/uploads\/2025\/01\/petit-boucan-rose-1024x1024.png\" \/>\n\t<meta property=\"og:image:width\" content=\"1024\" \/>\n\t<meta property=\"og:image:height\" content=\"1024\" \/>\n\t<meta property=\"og:image:type\" content=\"image\/png\" \/>\n<meta name=\"twitter:card\" content=\"summary_large_image\" \/>\n<meta name=\"twitter:label1\" content=\"Estimated reading time\" \/>\n\t<meta name=\"twitter:data1\" content=\"1 minute\" \/>\n<script type=\"application\/ld+json\" class=\"yoast-schema-graph\">{\"@context\":\"https:\/\/schema.org\",\"@graph\":[{\"@type\":\"WebPage\",\"@id\":\"https:\/\/domaine-vitori.com\/product\/6-bouteilles-petit-boucan-rose-75cl-igp-var\/\",\"url\":\"https:\/\/domaine-vitori.com\/product\/6-bouteilles-petit-boucan-rose-75cl-igp-var\/\",\"name\":\"6 bouteilles PETIT BOUCAN ROSE 75cl IGP Var - Domaine Vit\u00f2ri\",\"isPartOf\":{\"@id\":\"https:\/\/domaine-vitori.com\/#website\"},\"primaryImageOfPage\":{\"@id\":\"https:\/\/domaine-vitori.com\/product\/6-bouteilles-petit-boucan-rose-75cl-igp-var\/#primaryimage\"},\"image\":{\"@id\":\"https:\/\/domaine-vitori.com\/product\/6-bouteilles-petit-boucan-rose-75cl-igp-var\/#primaryimage\"},\"thumbnailUrl\":\"https:\/\/domaine-vitori.com\/wp-content\/uploads\/2025\/01\/petit-boucan-rose.png\",\"datePublished\":\"2025-01-27T15:03:49+00:00\",\"dateModified\":\"2026-01-20T10:35:32+00:00\",\"breadcrumb\":{\"@id\":\"https:\/\/domaine-vitori.com\/product\/6-bouteilles-petit-boucan-rose-75cl-igp-var\/#breadcrumb\"},\"inLanguage\":\"en-GB\",\"potentialAction\":[{\"@type\":\"ReadAction\",\"target\":[\"https:\/\/domaine-vitori.com\/product\/6-bouteilles-petit-boucan-rose-75cl-igp-var\/\"]}]},{\"@type\":\"ImageObject\",\"inLanguage\":\"en-GB\",\"@id\":\"https:\/\/domaine-vitori.com\/product\/6-bouteilles-petit-boucan-rose-75cl-igp-var\/#primaryimage\",\"url\":\"https:\/\/domaine-vitori.com\/wp-content\/uploads\/2025\/01\/petit-boucan-rose.png\",\"contentUrl\":\"https:\/\/domaine-vitori.com\/wp-content\/uploads\/2025\/01\/petit-boucan-rose.png\",\"width\":4096,\"height\":4096},{\"@type\":\"BreadcrumbList\",\"@id\":\"https:\/\/domaine-vitori.com\/product\/6-bouteilles-petit-boucan-rose-75cl-igp-var\/#breadcrumb\",\"itemListElement\":[{\"@type\":\"ListItem\",\"position\":1,\"name\":\"Accueil\",\"item\":\"https:\/\/domaine-vitori.com\/\"},{\"@type\":\"ListItem\",\"position\":2,\"name\":\"6 bouteilles PETIT BOUCAN ROSE 75cl IGP Var\"}]},{\"@type\":\"WebSite\",\"@id\":\"https:\/\/domaine-vitori.com\/#website\",\"url\":\"https:\/\/domaine-vitori.com\/\",\"name\":\"Domaine Vitori\",\"description\":\"\",\"publisher\":{\"@id\":\"https:\/\/domaine-vitori.com\/#organization\"},\"potentialAction\":[{\"@type\":\"SearchAction\",\"target\":{\"@type\":\"EntryPoint\",\"urlTemplate\":\"https:\/\/domaine-vitori.com\/?s={search_term_string}\"},\"query-input\":{\"@type\":\"PropertyValueSpecification\",\"valueRequired\":true,\"valueName\":\"search_term_string\"}}],\"inLanguage\":\"en-GB\"},{\"@type\":\"Organization\",\"@id\":\"https:\/\/domaine-vitori.com\/#organization\",\"name\":\"Domaine Vitori\",\"url\":\"https:\/\/domaine-vitori.com\/\",\"logo\":{\"@type\":\"ImageObject\",\"inLanguage\":\"en-GB\",\"@id\":\"https:\/\/domaine-vitori.com\/#\/schema\/logo\/image\/\",\"url\":\"https:\/\/domaine-vitori.com\/wp-content\/uploads\/2025\/01\/logo.jpg\",\"contentUrl\":\"https:\/\/domaine-vitori.com\/wp-content\/uploads\/2025\/01\/logo.jpg\",\"width\":1789,\"height\":536,\"caption\":\"Domaine Vitori\"},\"image\":{\"@id\":\"https:\/\/domaine-vitori.com\/#\/schema\/logo\/image\/\"},\"sameAs\":[\"https:\/\/www.facebook.com\/people\/Domaine-Vitri\/100057215449055\/\",\"https:\/\/www.instagram.com\/domaine.vitori\/?hl=fr\"]}]}<\/script>\n<!-- \/ Yoast SEO plugin. -->","yoast_head_json":{"title":"6 bouteilles PETIT BOUCAN ROSE 75cl IGP Var - Domaine Vit\u00f2ri","robots":{"index":"index","follow":"follow","max-snippet":"max-snippet:-1","max-image-preview":"max-image-preview:large","max-video-preview":"max-video-preview:-1"},"canonical":"https:\/\/domaine-vitori.com\/en\/product\/6-bouteilles-petit-boucan-rose-75cl-igp-var\/","og_locale":"en_GB","og_type":"article","og_title":"6 bouteilles PETIT BOUCAN ROSE 75cl IGP Var - Domaine Vit\u00f2ri","og_description":"Vendu par carton de 6 bouteilles M\u00e9daille de bronze 2022 et d\u2019argent 2023 au Concours des vins de M\u00e2con M\u00e9daille d\u2019or 2023 au Concours G\u00e9n\u00e9ral Agricole de Paris S\u00e9lection Parcellaire et vinification par c\u00e9page, Pressurage direct, Assemblage 80% Caladoc et 20% Cinsault, Stabulation \u00e0 froid avant fermentation alcoolique, Un Vin ros\u00e9 frais et Fruit\u00e9. Id\u00e9al &hellip; Continued","og_url":"https:\/\/domaine-vitori.com\/en\/product\/6-bouteilles-petit-boucan-rose-75cl-igp-var\/","og_site_name":"Domaine Vit\u00f2ri","article_publisher":"https:\/\/www.facebook.com\/people\/Domaine-Vitri\/100057215449055\/","article_modified_time":"2026-01-20T10:35:32+00:00","og_image":[{"width":1024,"height":1024,"url":"https:\/\/domaine-vitori.com\/wp-content\/uploads\/2025\/01\/petit-boucan-rose-1024x1024.png","type":"image\/png"}],"twitter_card":"summary_large_image","twitter_misc":{"Estimated reading time":"1 minute"},"schema":{"@context":"https:\/\/schema.org","@graph":[{"@type":"WebPage","@id":"https:\/\/domaine-vitori.com\/product\/6-bouteilles-petit-boucan-rose-75cl-igp-var\/","url":"https:\/\/domaine-vitori.com\/product\/6-bouteilles-petit-boucan-rose-75cl-igp-var\/","name":"6 bouteilles PETIT BOUCAN ROSE 75cl IGP Var - Domaine Vit\u00f2ri","isPartOf":{"@id":"https:\/\/domaine-vitori.com\/#website"},"primaryImageOfPage":{"@id":"https:\/\/domaine-vitori.com\/product\/6-bouteilles-petit-boucan-rose-75cl-igp-var\/#primaryimage"},"image":{"@id":"https:\/\/domaine-vitori.com\/product\/6-bouteilles-petit-boucan-rose-75cl-igp-var\/#primaryimage"},"thumbnailUrl":"https:\/\/domaine-vitori.com\/wp-content\/uploads\/2025\/01\/petit-boucan-rose.png","datePublished":"2025-01-27T15:03:49+00:00","dateModified":"2026-01-20T10:35:32+00:00","breadcrumb":{"@id":"https:\/\/domaine-vitori.com\/product\/6-bouteilles-petit-boucan-rose-75cl-igp-var\/#breadcrumb"},"inLanguage":"en-GB","potentialAction":[{"@type":"ReadAction","target":["https:\/\/domaine-vitori.com\/product\/6-bouteilles-petit-boucan-rose-75cl-igp-var\/"]}]},{"@type":"ImageObject","inLanguage":"en-GB","@id":"https:\/\/domaine-vitori.com\/product\/6-bouteilles-petit-boucan-rose-75cl-igp-var\/#primaryimage","url":"https:\/\/domaine-vitori.com\/wp-content\/uploads\/2025\/01\/petit-boucan-rose.png","contentUrl":"https:\/\/domaine-vitori.com\/wp-content\/uploads\/2025\/01\/petit-boucan-rose.png","width":4096,"height":4096},{"@type":"BreadcrumbList","@id":"https:\/\/domaine-vitori.com\/product\/6-bouteilles-petit-boucan-rose-75cl-igp-var\/#breadcrumb","itemListElement":[{"@type":"ListItem","position":1,"name":"Accueil","item":"https:\/\/domaine-vitori.com\/"},{"@type":"ListItem","position":2,"name":"6 bouteilles PETIT BOUCAN ROSE 75cl IGP Var"}]},{"@type":"WebSite","@id":"https:\/\/domaine-vitori.com\/#website","url":"https:\/\/domaine-vitori.com\/","name":"Domaine Vitori","description":"","publisher":{"@id":"https:\/\/domaine-vitori.com\/#organization"},"potentialAction":[{"@type":"SearchAction","target":{"@type":"EntryPoint","urlTemplate":"https:\/\/domaine-vitori.com\/?s={search_term_string}"},"query-input":{"@type":"PropertyValueSpecification","valueRequired":true,"valueName":"search_term_string"}}],"inLanguage":"en-GB"},{"@type":"Organization","@id":"https:\/\/domaine-vitori.com\/#organization","name":"Domaine Vitori","url":"https:\/\/domaine-vitori.com\/","logo":{"@type":"ImageObject","inLanguage":"en-GB","@id":"https:\/\/domaine-vitori.com\/#\/schema\/logo\/image\/","url":"https:\/\/domaine-vitori.com\/wp-content\/uploads\/2025\/01\/logo.jpg","contentUrl":"https:\/\/domaine-vitori.com\/wp-content\/uploads\/2025\/01\/logo.jpg","width":1789,"height":536,"caption":"Domaine Vitori"},"image":{"@id":"https:\/\/domaine-vitori.com\/#\/schema\/logo\/image\/"},"sameAs":["https:\/\/www.facebook.com\/people\/Domaine-Vitri\/100057215449055\/","https:\/\/www.instagram.com\/domaine.vitori\/?hl=fr"]}]}},"_links":{"self":[{"href":"https:\/\/domaine-vitori.com\/en\/wp-json\/wp\/v2\/product\/824","targetHints":{"allow":["GET"]}}],"collection":[{"href":"https:\/\/domaine-vitori.com\/en\/wp-json\/wp\/v2\/product"}],"about":[{"href":"https:\/\/domaine-vitori.com\/en\/wp-json\/wp\/v2\/types\/product"}],"wp:featuredmedia":[{"embeddable":true,"href":"https:\/\/domaine-vitori.com\/en\/wp-json\/wp\/v2\/media\/1363"}],"wp:attachment":[{"href":"https:\/\/domaine-vitori.com\/en\/wp-json\/wp\/v2\/media?parent=824"}],"wp:term":[{"taxonomy":"product_brand","embeddable":true,"href":"https:\/\/domaine-vitori.com\/en\/wp-json\/wp\/v2\/product_brand?post=824"},{"taxonomy":"product_cat","embeddable":true,"href":"https:\/\/domaine-vitori.com\/en\/wp-json\/wp\/v2\/product_cat?post=824"},{"taxonomy":"product_tag","embeddable":true,"href":"https:\/\/domaine-vitori.com\/en\/wp-json\/wp\/v2\/product_tag?post=824"}],"curies":[{"name":"wp","href":"https:\/\/api.w.org\/{rel}","templated":true}]}}