{"id":830,"date":"2025-01-27T16:09:03","date_gmt":"2025-01-27T15:09:03","guid":{"rendered":"http:\/\/domaine-vitori.local\/?post_type=product&#038;p=830"},"modified":"2026-03-19T16:05:36","modified_gmt":"2026-03-19T15:05:36","slug":"carton-assorti-6-bouteilles-vitori-75cl-cotes-de-provence-aop","status":"publish","type":"product","link":"https:\/\/domaine-vitori.com\/en\/product\/carton-assorti-6-bouteilles-vitori-75cl-cotes-de-provence-aop\/","title":{"rendered":"Assorted Box 6 Bottles VITORI 75cl C\u00f4tes de Provence PDO"},"content":{"rendered":"<div data-pm-slice=\"1 1 []\" data-en-clipboard=\"true\"><b>Sold in cases of 6 assorted bottles (2 red \/ 2 white \/ 2 ros\u00e9)<\/b><\/div>\n<div data-pm-slice=\"1 1 []\" data-en-clipboard=\"true\"><\/div>\n<div>\n<div>Profitez de ce carton Assortis pour d\u00e9couvrir la Gamme \u00ab\u00a0VITORI\u00a0\u00bb\u00a0 C\u00f4tes de Provence AOP avec le ros\u00e9 m\u00e9daille d&rsquo;or 2022<\/div>\n<div><\/div>\n<div>Delivery in France only : For other countries : <a href=\"http:\/\/domaine-vitori.local\/contact\/\">contact us<\/a> !<\/div>\n<div>You are a professional or a retailer: <a href=\"http:\/\/domaine-vitori.local\/contact\/\">contact us<\/a> !<\/div>\n<\/div>","protected":false},"excerpt":{"rendered":"<p>Vendu par carton de 6 bouteilles Assorties (2 rouges \/2 blancs \/ 2 Ros\u00e9s) Profitez de ce carton Assortis pour d\u00e9couvrir la Gamme \u00ab\u00a0VITORI\u00a0\u00bb\u00a0 C\u00f4tes de Provence AOP avec le ros\u00e9 m\u00e9daille d&rsquo;or 2022 Livraison en France m\u00e9tropolitaine : Pour une livraison en dehors de cette zone : contactez-nous ! Vous \u00eates professionnels, revendeurs : &hellip; <a href=\"https:\/\/domaine-vitori.com\/en\/product\/carton-assorti-6-bouteilles-vitori-75cl-cotes-de-provence-aop\/\">Continued<\/a><\/p>","protected":false},"featured_media":1430,"template":"","meta":[],"product_brand":[],"product_cat":[48,50,52],"product_tag":[],"class_list":{"0":"post-830","1":"product","2":"type-product","3":"status-publish","4":"has-post-thumbnail","6":"product_cat-blanc-fr","7":"product_cat-rose-fr","8":"product_cat-rouge-fr","10":"first","11":"instock","12":"featured","13":"shipping-taxable","14":"purchasable","15":"product-type-simple"},"yoast_head":"<!-- This site is optimized with the Yoast SEO plugin v24.6 - https:\/\/yoast.com\/wordpress\/plugins\/seo\/ -->\n<title>Carton Assorti 6 Bouteilles VITORI 75cl C\u00f4tes de Provence AOP - Domaine Vit\u00f2ri<\/title>\n<meta name=\"robots\" content=\"index, follow, max-snippet:-1, max-image-preview:large, max-video-preview:-1\" \/>\n<link rel=\"canonical\" href=\"https:\/\/domaine-vitori.com\/en\/product\/carton-assorti-6-bouteilles-vitori-75cl-cotes-de-provence-aop\/\" \/>\n<meta property=\"og:locale\" content=\"en_GB\" \/>\n<meta property=\"og:type\" content=\"article\" \/>\n<meta property=\"og:title\" content=\"Carton Assorti 6 Bouteilles VITORI 75cl C\u00f4tes de Provence AOP - Domaine Vit\u00f2ri\" \/>\n<meta property=\"og:description\" content=\"Vendu par carton de 6 bouteilles Assorties (2 rouges \/2 blancs \/ 2 Ros\u00e9s) Profitez de ce carton Assortis pour d\u00e9couvrir la Gamme \u00ab\u00a0VITORI\u00a0\u00bb\u00a0 C\u00f4tes de Provence AOP avec le ros\u00e9 m\u00e9daille d&rsquo;or 2022 Livraison en France m\u00e9tropolitaine : Pour une livraison en dehors de cette zone : contactez-nous ! Vous \u00eates professionnels, revendeurs : &hellip; Continued\" \/>\n<meta property=\"og:url\" content=\"https:\/\/domaine-vitori.com\/en\/product\/carton-assorti-6-bouteilles-vitori-75cl-cotes-de-provence-aop\/\" \/>\n<meta property=\"og:site_name\" content=\"Domaine Vit\u00f2ri\" \/>\n<meta property=\"article:publisher\" content=\"https:\/\/www.facebook.com\/people\/Domaine-Vitri\/100057215449055\/\" \/>\n<meta property=\"article:modified_time\" content=\"2026-03-19T15:05:36+00:00\" \/>\n<meta property=\"og:image\" content=\"https:\/\/domaine-vitori.com\/wp-content\/uploads\/2025\/01\/vitori-scaled.jpg\" \/>\n\t<meta property=\"og:image:width\" content=\"2560\" \/>\n\t<meta property=\"og:image:height\" content=\"2560\" \/>\n\t<meta property=\"og:image:type\" content=\"image\/jpeg\" \/>\n<meta name=\"twitter:card\" content=\"summary_large_image\" \/>\n<meta name=\"twitter:label1\" content=\"Estimated reading time\" \/>\n\t<meta name=\"twitter:data1\" content=\"1 minute\" \/>\n<script type=\"application\/ld+json\" class=\"yoast-schema-graph\">{\"@context\":\"https:\/\/schema.org\",\"@graph\":[{\"@type\":\"WebPage\",\"@id\":\"https:\/\/domaine-vitori.com\/product\/carton-assorti-6-bouteilles-vitori-75cl-cotes-de-provence-aop\/\",\"url\":\"https:\/\/domaine-vitori.com\/product\/carton-assorti-6-bouteilles-vitori-75cl-cotes-de-provence-aop\/\",\"name\":\"Carton Assorti 6 Bouteilles VITORI 75cl C\u00f4tes de Provence AOP - Domaine Vit\u00f2ri\",\"isPartOf\":{\"@id\":\"https:\/\/domaine-vitori.com\/#website\"},\"primaryImageOfPage\":{\"@id\":\"https:\/\/domaine-vitori.com\/product\/carton-assorti-6-bouteilles-vitori-75cl-cotes-de-provence-aop\/#primaryimage\"},\"image\":{\"@id\":\"https:\/\/domaine-vitori.com\/product\/carton-assorti-6-bouteilles-vitori-75cl-cotes-de-provence-aop\/#primaryimage\"},\"thumbnailUrl\":\"https:\/\/domaine-vitori.com\/wp-content\/uploads\/2025\/01\/vitori-scaled.jpg\",\"datePublished\":\"2025-01-27T15:09:03+00:00\",\"dateModified\":\"2026-03-19T15:05:36+00:00\",\"breadcrumb\":{\"@id\":\"https:\/\/domaine-vitori.com\/product\/carton-assorti-6-bouteilles-vitori-75cl-cotes-de-provence-aop\/#breadcrumb\"},\"inLanguage\":\"en-GB\",\"potentialAction\":[{\"@type\":\"ReadAction\",\"target\":[\"https:\/\/domaine-vitori.com\/product\/carton-assorti-6-bouteilles-vitori-75cl-cotes-de-provence-aop\/\"]}]},{\"@type\":\"ImageObject\",\"inLanguage\":\"en-GB\",\"@id\":\"https:\/\/domaine-vitori.com\/product\/carton-assorti-6-bouteilles-vitori-75cl-cotes-de-provence-aop\/#primaryimage\",\"url\":\"https:\/\/domaine-vitori.com\/wp-content\/uploads\/2025\/01\/vitori-scaled.jpg\",\"contentUrl\":\"https:\/\/domaine-vitori.com\/wp-content\/uploads\/2025\/01\/vitori-scaled.jpg\",\"width\":2560,\"height\":2560},{\"@type\":\"BreadcrumbList\",\"@id\":\"https:\/\/domaine-vitori.com\/product\/carton-assorti-6-bouteilles-vitori-75cl-cotes-de-provence-aop\/#breadcrumb\",\"itemListElement\":[{\"@type\":\"ListItem\",\"position\":1,\"name\":\"Accueil\",\"item\":\"https:\/\/domaine-vitori.com\/\"},{\"@type\":\"ListItem\",\"position\":2,\"name\":\"Carton Assorti 6 Bouteilles VITORI 75cl C\u00f4tes de Provence AOP\"}]},{\"@type\":\"WebSite\",\"@id\":\"https:\/\/domaine-vitori.com\/#website\",\"url\":\"https:\/\/domaine-vitori.com\/\",\"name\":\"Domaine Vitori\",\"description\":\"\",\"publisher\":{\"@id\":\"https:\/\/domaine-vitori.com\/#organization\"},\"potentialAction\":[{\"@type\":\"SearchAction\",\"target\":{\"@type\":\"EntryPoint\",\"urlTemplate\":\"https:\/\/domaine-vitori.com\/?s={search_term_string}\"},\"query-input\":{\"@type\":\"PropertyValueSpecification\",\"valueRequired\":true,\"valueName\":\"search_term_string\"}}],\"inLanguage\":\"en-GB\"},{\"@type\":\"Organization\",\"@id\":\"https:\/\/domaine-vitori.com\/#organization\",\"name\":\"Domaine Vitori\",\"url\":\"https:\/\/domaine-vitori.com\/\",\"logo\":{\"@type\":\"ImageObject\",\"inLanguage\":\"en-GB\",\"@id\":\"https:\/\/domaine-vitori.com\/#\/schema\/logo\/image\/\",\"url\":\"https:\/\/domaine-vitori.com\/wp-content\/uploads\/2025\/01\/logo.jpg\",\"contentUrl\":\"https:\/\/domaine-vitori.com\/wp-content\/uploads\/2025\/01\/logo.jpg\",\"width\":1789,\"height\":536,\"caption\":\"Domaine Vitori\"},\"image\":{\"@id\":\"https:\/\/domaine-vitori.com\/#\/schema\/logo\/image\/\"},\"sameAs\":[\"https:\/\/www.facebook.com\/people\/Domaine-Vitri\/100057215449055\/\",\"https:\/\/www.instagram.com\/domaine.vitori\/?hl=fr\"]}]}<\/script>\n<!-- \/ Yoast SEO plugin. -->","yoast_head_json":{"title":"Carton Assorti 6 Bouteilles VITORI 75cl C\u00f4tes de Provence AOP - Domaine Vit\u00f2ri","robots":{"index":"index","follow":"follow","max-snippet":"max-snippet:-1","max-image-preview":"max-image-preview:large","max-video-preview":"max-video-preview:-1"},"canonical":"https:\/\/domaine-vitori.com\/en\/product\/carton-assorti-6-bouteilles-vitori-75cl-cotes-de-provence-aop\/","og_locale":"en_GB","og_type":"article","og_title":"Carton Assorti 6 Bouteilles VITORI 75cl C\u00f4tes de Provence AOP - Domaine Vit\u00f2ri","og_description":"Vendu par carton de 6 bouteilles Assorties (2 rouges \/2 blancs \/ 2 Ros\u00e9s) Profitez de ce carton Assortis pour d\u00e9couvrir la Gamme \u00ab\u00a0VITORI\u00a0\u00bb\u00a0 C\u00f4tes de Provence AOP avec le ros\u00e9 m\u00e9daille d&rsquo;or 2022 Livraison en France m\u00e9tropolitaine : Pour une livraison en dehors de cette zone : contactez-nous ! Vous \u00eates professionnels, revendeurs : &hellip; Continued","og_url":"https:\/\/domaine-vitori.com\/en\/product\/carton-assorti-6-bouteilles-vitori-75cl-cotes-de-provence-aop\/","og_site_name":"Domaine Vit\u00f2ri","article_publisher":"https:\/\/www.facebook.com\/people\/Domaine-Vitri\/100057215449055\/","article_modified_time":"2026-03-19T15:05:36+00:00","og_image":[{"width":2560,"height":2560,"url":"https:\/\/domaine-vitori.com\/wp-content\/uploads\/2025\/01\/vitori-scaled.jpg","type":"image\/jpeg"}],"twitter_card":"summary_large_image","twitter_misc":{"Estimated reading time":"1 minute"},"schema":{"@context":"https:\/\/schema.org","@graph":[{"@type":"WebPage","@id":"https:\/\/domaine-vitori.com\/product\/carton-assorti-6-bouteilles-vitori-75cl-cotes-de-provence-aop\/","url":"https:\/\/domaine-vitori.com\/product\/carton-assorti-6-bouteilles-vitori-75cl-cotes-de-provence-aop\/","name":"Carton Assorti 6 Bouteilles VITORI 75cl C\u00f4tes de Provence AOP - Domaine Vit\u00f2ri","isPartOf":{"@id":"https:\/\/domaine-vitori.com\/#website"},"primaryImageOfPage":{"@id":"https:\/\/domaine-vitori.com\/product\/carton-assorti-6-bouteilles-vitori-75cl-cotes-de-provence-aop\/#primaryimage"},"image":{"@id":"https:\/\/domaine-vitori.com\/product\/carton-assorti-6-bouteilles-vitori-75cl-cotes-de-provence-aop\/#primaryimage"},"thumbnailUrl":"https:\/\/domaine-vitori.com\/wp-content\/uploads\/2025\/01\/vitori-scaled.jpg","datePublished":"2025-01-27T15:09:03+00:00","dateModified":"2026-03-19T15:05:36+00:00","breadcrumb":{"@id":"https:\/\/domaine-vitori.com\/product\/carton-assorti-6-bouteilles-vitori-75cl-cotes-de-provence-aop\/#breadcrumb"},"inLanguage":"en-GB","potentialAction":[{"@type":"ReadAction","target":["https:\/\/domaine-vitori.com\/product\/carton-assorti-6-bouteilles-vitori-75cl-cotes-de-provence-aop\/"]}]},{"@type":"ImageObject","inLanguage":"en-GB","@id":"https:\/\/domaine-vitori.com\/product\/carton-assorti-6-bouteilles-vitori-75cl-cotes-de-provence-aop\/#primaryimage","url":"https:\/\/domaine-vitori.com\/wp-content\/uploads\/2025\/01\/vitori-scaled.jpg","contentUrl":"https:\/\/domaine-vitori.com\/wp-content\/uploads\/2025\/01\/vitori-scaled.jpg","width":2560,"height":2560},{"@type":"BreadcrumbList","@id":"https:\/\/domaine-vitori.com\/product\/carton-assorti-6-bouteilles-vitori-75cl-cotes-de-provence-aop\/#breadcrumb","itemListElement":[{"@type":"ListItem","position":1,"name":"Accueil","item":"https:\/\/domaine-vitori.com\/"},{"@type":"ListItem","position":2,"name":"Carton Assorti 6 Bouteilles VITORI 75cl C\u00f4tes de Provence AOP"}]},{"@type":"WebSite","@id":"https:\/\/domaine-vitori.com\/#website","url":"https:\/\/domaine-vitori.com\/","name":"Domaine Vitori","description":"","publisher":{"@id":"https:\/\/domaine-vitori.com\/#organization"},"potentialAction":[{"@type":"SearchAction","target":{"@type":"EntryPoint","urlTemplate":"https:\/\/domaine-vitori.com\/?s={search_term_string}"},"query-input":{"@type":"PropertyValueSpecification","valueRequired":true,"valueName":"search_term_string"}}],"inLanguage":"en-GB"},{"@type":"Organization","@id":"https:\/\/domaine-vitori.com\/#organization","name":"Domaine Vitori","url":"https:\/\/domaine-vitori.com\/","logo":{"@type":"ImageObject","inLanguage":"en-GB","@id":"https:\/\/domaine-vitori.com\/#\/schema\/logo\/image\/","url":"https:\/\/domaine-vitori.com\/wp-content\/uploads\/2025\/01\/logo.jpg","contentUrl":"https:\/\/domaine-vitori.com\/wp-content\/uploads\/2025\/01\/logo.jpg","width":1789,"height":536,"caption":"Domaine Vitori"},"image":{"@id":"https:\/\/domaine-vitori.com\/#\/schema\/logo\/image\/"},"sameAs":["https:\/\/www.facebook.com\/people\/Domaine-Vitri\/100057215449055\/","https:\/\/www.instagram.com\/domaine.vitori\/?hl=fr"]}]}},"_links":{"self":[{"href":"https:\/\/domaine-vitori.com\/en\/wp-json\/wp\/v2\/product\/830","targetHints":{"allow":["GET"]}}],"collection":[{"href":"https:\/\/domaine-vitori.com\/en\/wp-json\/wp\/v2\/product"}],"about":[{"href":"https:\/\/domaine-vitori.com\/en\/wp-json\/wp\/v2\/types\/product"}],"wp:featuredmedia":[{"embeddable":true,"href":"https:\/\/domaine-vitori.com\/en\/wp-json\/wp\/v2\/media\/1430"}],"wp:attachment":[{"href":"https:\/\/domaine-vitori.com\/en\/wp-json\/wp\/v2\/media?parent=830"}],"wp:term":[{"taxonomy":"product_brand","embeddable":true,"href":"https:\/\/domaine-vitori.com\/en\/wp-json\/wp\/v2\/product_brand?post=830"},{"taxonomy":"product_cat","embeddable":true,"href":"https:\/\/domaine-vitori.com\/en\/wp-json\/wp\/v2\/product_cat?post=830"},{"taxonomy":"product_tag","embeddable":true,"href":"https:\/\/domaine-vitori.com\/en\/wp-json\/wp\/v2\/product_tag?post=830"}],"curies":[{"name":"wp","href":"https:\/\/api.w.org\/{rel}","templated":true}]}}